{"id":130,"date":"2017-11-28T06:14:35","date_gmt":"2017-11-28T06:14:35","guid":{"rendered":"http:\/\/avanexa.in\/calmet\/?page_id=130"},"modified":"2025-04-29T06:36:29","modified_gmt":"2025-04-29T06:36:29","slug":"facilities","status":"publish","type":"page","link":"https:\/\/wp.calmet.com\/de\/facilities\/","title":{"rendered":"Einrichtungen"},"content":{"rendered":"<div class=\"wpb-content-wrapper\"><div class=\"vc_row wpb_row vc_row-fluid\"><div class=\"wpb_column vc_column_container vc_col-sm-12\"><div class=\"vc_column-inner\"><div class=\"wpb_wrapper\">\n\t<div class=\"wpb_text_column wpb_content_element\" >\n\t\t<div class=\"wpb_wrapper\">\n\t\t\t<h1>Einrichtungen<\/h1>\n\n\t\t<\/div>\n\t<\/div>\n\n\t<div class=\"wpb_text_column wpb_content_element\" >\n\t\t<div class=\"wpb_wrapper\">\n\t\t\t<p>Wir verf\u00fcgen \u00fcber hochmoderne Produktionsanlagen in ganz Asien, die die Herstellung von Gussteilen, Schmiedeteilen, bearbeiteten Teilen, Rohren und Baugruppen abdecken. Zu unseren erstklassigen Produktionsanlagen geh\u00f6ren Gie\u00dferei, Maschinenbau, Presswerk und Qualit\u00e4tskontrolle. Wir arbeiten mit einem starken Netzwerk von \u00fcber 100 spezialisierten Zulieferern zusammen, die Metall- und Nichtmetallprodukte fertigen.<\/p>\n\n\t\t<\/div>\n\t<\/div>\n<\/div><\/div><\/div><\/div><div class=\"vc_row wpb_row vc_row-fluid\"><div class=\"wpb_column vc_column_container vc_col-sm-6\"><div class=\"vc_column-inner\"><div class=\"wpb_wrapper\"><h3 style=\"text-align: left\" class=\"vc_custom_heading vc_do_custom_heading\" >Gie\u00dferei<\/h3>\n\t<div  class=\"wpb_single_image wpb_content_element vc_align_center wpb_content_element\">\n\t\t\n\t\t<figure class=\"wpb_wrapper vc_figure\">\n\t\t\t<div class=\"vc_single_image-wrapper   vc_box_border_grey\"><img loading=\"lazy\" decoding=\"async\" width=\"580\" height=\"200\" src=\"https:\/\/wp.calmet.com\/wp-content\/uploads\/2017\/11\/foundry.jpg\" class=\"vc_single_image-img attachment-full\" alt=\"foundry\" title=\"Gie\u00dferei\" srcset=\"https:\/\/wp.calmet.com\/wp-content\/uploads\/2017\/11\/foundry.jpg 580w, https:\/\/wp.calmet.com\/wp-content\/uploads\/2017\/11\/foundry-300x103.jpg 300w\" sizes=\"auto, (max-width: 580px) 100vw, 580px\" \/><\/div>\n\t\t<\/figure>\n\t<\/div>\n\n\t<div class=\"wpb_text_column wpb_content_element\" >\n\t\t<div class=\"wpb_wrapper\">\n\t\t\t<p>Wir liefern Eisen- und Nichteisenmetallgussteile aus voll- und halbautomatisierten Gie\u00dfereien in ganz Asien. Die Teile werden gem\u00e4\u00df den Kundenspezifikationen gefertigt.<\/p>\n\n\t\t<\/div>\n\t<\/div>\n<div class=\"vc_btn3-container vc_btn3-inline vc_do_btn\" ><a class=\"vc_general vc_btn3 vc_btn3-size-md vc_btn3-shape-rounded vc_btn3-style-modern vc_btn3-color-info\" href=\"\/de\/foundry\/\" title=\"\">Mehr anzeigen<\/a><\/div><\/div><\/div><\/div><div class=\"wpb_column vc_column_container vc_col-sm-6\"><div class=\"vc_column-inner\"><div class=\"wpb_wrapper\"><h3 style=\"text-align: left\" class=\"vc_custom_heading vc_do_custom_heading\" >Maschinenfabrik<\/h3>\n\t<div  class=\"wpb_single_image wpb_content_element vc_align_left wpb_content_element\">\n\t\t\n\t\t<figure class=\"wpb_wrapper vc_figure\">\n\t\t\t<div class=\"vc_single_image-wrapper   vc_box_border_grey\"><img loading=\"lazy\" decoding=\"async\" width=\"580\" height=\"200\" src=\"https:\/\/wp.calmet.com\/wp-content\/uploads\/2017\/12\/machine-shop.jpg\" class=\"vc_single_image-img attachment-full\" alt=\"machine-shop\" title=\"Maschinenwerkstatt\" srcset=\"https:\/\/wp.calmet.com\/wp-content\/uploads\/2017\/12\/machine-shop.jpg 580w, https:\/\/wp.calmet.com\/wp-content\/uploads\/2017\/12\/machine-shop-300x103.jpg 300w\" sizes=\"auto, (max-width: 580px) 100vw, 580px\" \/><\/div>\n\t\t<\/figure>\n\t<\/div>\n\n\t<div class=\"wpb_text_column wpb_content_element\" >\n\t\t<div class=\"wpb_wrapper\">\n\t\t\t<p><span data-sheets-value=\"{&quot;1&quot;:2,&quot;2&quot;:&quot;Our fully equipped machine shop is geared to develop parts of exceptional dimensional accuracy. Our machine shop is equipped with automatic, semi-automatic, special purpose, conventional machines.&quot;}\" data-sheets-userformat=\"{&quot;2&quot;:4482,&quot;4&quot;:{&quot;1&quot;:2,&quot;2&quot;:16777215},&quot;10&quot;:2,&quot;11&quot;:4,&quot;15&quot;:&quot;Arial&quot;}\">Unsere voll ausgestattete Werkstatt ist auf die Fertigung von Bauteilen mit au\u00dfergew\u00f6hnlicher Ma\u00dfgenauigkeit ausgerichtet. Sie verf\u00fcgt \u00fcber automatische, halbautomatische, Sonder- und konventionelle Maschinen.<\/span><\/p>\n\n\t\t<\/div>\n\t<\/div>\n<div class=\"vc_btn3-container vc_btn3-inline vc_do_btn\" ><a class=\"vc_general vc_btn3 vc_btn3-size-md vc_btn3-shape-rounded vc_btn3-style-modern vc_btn3-color-info\" href=\"\/de\/machine-shop\/\" title=\"\">Mehr anzeigen<\/a><\/div><\/div><\/div><\/div><\/div><div class=\"vc_row wpb_row vc_row-fluid\"><div class=\"wpb_column vc_column_container vc_col-sm-6\"><div class=\"vc_column-inner\"><div class=\"wpb_wrapper\"><h3 style=\"text-align: left\" class=\"vc_custom_heading vc_do_custom_heading\" >Schmiedewerkstatt<\/h3>\n\t<div  class=\"wpb_single_image wpb_content_element vc_align_left wpb_content_element\">\n\t\t\n\t\t<figure class=\"wpb_wrapper vc_figure\">\n\t\t\t<div class=\"vc_single_image-wrapper   vc_box_border_grey\"><img loading=\"lazy\" decoding=\"async\" width=\"580\" height=\"200\" src=\"https:\/\/wp.calmet.com\/wp-content\/uploads\/2017\/12\/forge-shop.jpg\" class=\"vc_single_image-img attachment-full\" alt=\"forge-shop\" title=\"Schmiede\" srcset=\"https:\/\/wp.calmet.com\/wp-content\/uploads\/2017\/12\/forge-shop.jpg 580w, https:\/\/wp.calmet.com\/wp-content\/uploads\/2017\/12\/forge-shop-300x103.jpg 300w\" sizes=\"auto, (max-width: 580px) 100vw, 580px\" \/><\/div>\n\t\t<\/figure>\n\t<\/div>\n\n\t<div class=\"wpb_text_column wpb_content_element\" >\n\t\t<div class=\"wpb_wrapper\">\n\t\t\t<p><span data-sheets-value=\"{&quot;1&quot;:2,&quot;2&quot;:&quot;The primary advantage of forging technology is the material savings achieved through precision shapes that need only minimal finishing. We have necessary expertise in developing customized hot &amp; cold forging parts.&quot;}\" data-sheets-userformat=\"{&quot;2&quot;:4482,&quot;4&quot;:{&quot;1&quot;:2,&quot;2&quot;:16777215},&quot;10&quot;:2,&quot;11&quot;:4,&quot;15&quot;:&quot;Arial&quot;}\">Der Hauptvorteil der Schmiedetechnologie liegt in der Materialeinsparung durch pr\u00e4zise Formen, die nur minimal nachbearbeitet werden m\u00fcssen. Wir verf\u00fcgen \u00fcber die notwendige Expertise in der Entwicklung kundenspezifischer Warm- und Kaltschmiedeteile.<\/span><\/p>\n\n\t\t<\/div>\n\t<\/div>\n<div class=\"vc_btn3-container vc_btn3-inline vc_do_btn\" ><a class=\"vc_general vc_btn3 vc_btn3-size-md vc_btn3-shape-rounded vc_btn3-style-modern vc_btn3-color-info\" href=\"https:\/\/www.calmet.com\/forgings\/\" title=\"Schmiedeteile\">Mehr anzeigen<\/a><\/div><\/div><\/div><\/div><div class=\"wpb_column vc_column_container vc_col-sm-6\"><div class=\"vc_column-inner\"><div class=\"wpb_wrapper\"><h3 style=\"text-align: left\" class=\"vc_custom_heading vc_do_custom_heading\" >Qualit\u00e4t Zimmer<\/h3>\n\t<div  class=\"wpb_single_image wpb_content_element vc_align_left wpb_content_element\">\n\t\t\n\t\t<figure class=\"wpb_wrapper vc_figure\">\n\t\t\t<div class=\"vc_single_image-wrapper   vc_box_border_grey\"><img loading=\"lazy\" decoding=\"async\" width=\"580\" height=\"200\" src=\"https:\/\/wp.calmet.com\/wp-content\/uploads\/2017\/12\/machined-iron-casting-supplier.jpg\" class=\"vc_single_image-img attachment-full\" alt=\"Machined Iron Casting Supplier\" title=\"Lieferant von bearbeiteten Eisengussteilen\" srcset=\"https:\/\/wp.calmet.com\/wp-content\/uploads\/2017\/12\/machined-iron-casting-supplier.jpg 580w, https:\/\/wp.calmet.com\/wp-content\/uploads\/2017\/12\/machined-iron-casting-supplier-300x103.jpg 300w\" sizes=\"auto, (max-width: 580px) 100vw, 580px\" \/><\/div>\n\t\t<\/figure>\n\t<\/div>\n\n\t<div class=\"wpb_text_column wpb_content_element\" >\n\t\t<div class=\"wpb_wrapper\">\n\t\t\t<p>Wir bieten hochpr\u00e4zise Teile in erstklassiger Qualit\u00e4t zu wettbewerbsf\u00e4higen Preisen. Die Qualit\u00e4t unserer Produkte gew\u00e4hrleisten wir durch modernste Pr\u00fcfeinrichtungen und unseren dreistufigen Qualit\u00e4tskontrollprozess.<\/p>\n\n\t\t<\/div>\n\t<\/div>\n<div class=\"vc_btn3-container vc_btn3-inline vc_do_btn\" ><a class=\"vc_general vc_btn3 vc_btn3-size-md vc_btn3-shape-rounded vc_btn3-style-modern vc_btn3-color-info\" href=\"\/de\/quality-room\/\" title=\"\">Mehr anzeigen<\/a><\/div><\/div><\/div><\/div><\/div><div class=\"vc_row wpb_row vc_row-fluid\"><div class=\"wpb_column vc_column_container vc_col-sm-6\"><div class=\"vc_column-inner\"><div class=\"wpb_wrapper\"><h3 style=\"text-align: left\" class=\"vc_custom_heading vc_do_custom_heading\" >Eisengussteile<\/h3>\n\t<div  class=\"wpb_single_image wpb_content_element vc_align_left wpb_content_element\">\n\t\t\n\t\t<figure class=\"wpb_wrapper vc_figure\">\n\t\t\t<div class=\"vc_single_image-wrapper   vc_box_border_grey\"><img loading=\"lazy\" decoding=\"async\" width=\"580\" height=\"200\" src=\"https:\/\/wp.calmet.com\/wp-content\/uploads\/2018\/05\/iron-castings.jpg\" class=\"vc_single_image-img attachment-full\" alt=\"iron-castings\" title=\"Eisengussteile\" srcset=\"https:\/\/wp.calmet.com\/wp-content\/uploads\/2018\/05\/iron-castings.jpg 580w, https:\/\/wp.calmet.com\/wp-content\/uploads\/2018\/05\/iron-castings-300x103.jpg 300w\" sizes=\"auto, (max-width: 580px) 100vw, 580px\" \/><\/div>\n\t\t<\/figure>\n\t<\/div>\n\n\t<div class=\"wpb_text_column wpb_content_element\" >\n\t\t<div class=\"wpb_wrapper\">\n\t\t\t\n\t\t<\/div>\n\t<\/div>\n<div class=\"vc_btn3-container vc_btn3-inline vc_do_btn\" ><a class=\"vc_general vc_btn3 vc_btn3-size-md vc_btn3-shape-rounded vc_btn3-style-modern vc_btn3-color-info\" href=\"https:\/\/www.calmet.com\/iron-casting\/\" title=\"Eisengussteile\">Mehr anzeigen<\/a><\/div><\/div><\/div><\/div><\/div>\n<\/div>","protected":false},"excerpt":{"rendered":"Facilities We have state-of-the-art manufacturing facilities around Asia, which covers the process of manufacturing Castings, Forgings, Machining, Tubing &amp; Sub- Assembly. Our world class manufacturing facilities includes Foundry, Machine Shop, Press Shop, and Inspection. We have a strong network of more than 100 specialized vendors to manufacture metal &amp; non-metal products. Foundry We supply ferrous [...]","protected":false},"author":1,"featured_media":49,"parent":0,"menu_order":0,"comment_status":"closed","ping_status":"closed","template":"","meta":{"_acf_changed":false,"footnotes":""},"class_list":["post-130","page","type-page","status-publish","has-post-thumbnail","hentry"],"acf":[],"yoast_head":"<!-- This site is optimized with the Yoast SEO plugin v27.2 - https:\/\/yoast.com\/product\/yoast-seo-wordpress\/ -->\n<title>Facilities - Iron Casting, Forging, Machining Manufacturer &amp; Supplier<\/title>\n<meta name=\"description\" content=\"Calmet Offers best quality Iron Casting, Forging, Machining &amp; high precision parts manufacturing materials and products to all over the world. They are Low cost casting supplier in USA.\" \/>\n<meta name=\"robots\" content=\"index, follow, max-snippet:-1, max-image-preview:large, max-video-preview:-1\" \/>\n<link rel=\"canonical\" href=\"https:\/\/www.calmet.com\/facilities\/\" \/>\n<meta name=\"twitter:label1\" content=\"Gesch\u00e4tzte Lesezeit\" \/>\n\t<meta name=\"twitter:data1\" content=\"2\u00a0Minuten\" \/>\n<script type=\"application\/ld+json\" class=\"yoast-schema-graph\">{\"@context\":\"https:\/\/schema.org\",\"@graph\":[{\"@type\":\"WebPage\",\"@id\":\"https:\/\/www.calmet.com\/facilities\/\",\"url\":\"https:\/\/www.calmet.com\/facilities\/\",\"name\":\"Facilities - Iron Casting, Forging, Machining Manufacturer & Supplier\",\"isPartOf\":{\"@id\":\"https:\/\/www.calmet.com\/#website\"},\"primaryImageOfPage\":{\"@id\":\"https:\/\/www.calmet.com\/facilities\/#primaryimage\"},\"image\":{\"@id\":\"https:\/\/www.calmet.com\/facilities\/#primaryimage\"},\"thumbnailUrl\":\"https:\/\/wp.calmet.com\/wp-content\/uploads\/2017\/07\/home-banner-1.jpg\",\"datePublished\":\"2017-11-28T06:14:35+00:00\",\"dateModified\":\"2025-04-29T06:36:29+00:00\",\"description\":\"Calmet Offers best quality Iron Casting, Forging, Machining & high precision parts manufacturing materials and products to all over the world. They are Low cost casting supplier in USA.\",\"breadcrumb\":{\"@id\":\"https:\/\/www.calmet.com\/facilities\/#breadcrumb\"},\"inLanguage\":\"de\",\"potentialAction\":[{\"@type\":\"ReadAction\",\"target\":[\"https:\/\/www.calmet.com\/facilities\/\"]}]},{\"@type\":\"ImageObject\",\"inLanguage\":\"de\",\"@id\":\"https:\/\/www.calmet.com\/facilities\/#primaryimage\",\"url\":\"https:\/\/wp.calmet.com\/wp-content\/uploads\/2017\/07\/home-banner-1.jpg\",\"contentUrl\":\"https:\/\/wp.calmet.com\/wp-content\/uploads\/2017\/07\/home-banner-1.jpg\",\"width\":1920,\"height\":600,\"caption\":\"home-banner\"},{\"@type\":\"BreadcrumbList\",\"@id\":\"https:\/\/www.calmet.com\/facilities\/#breadcrumb\",\"itemListElement\":[{\"@type\":\"ListItem\",\"position\":1,\"name\":\"Home\",\"item\":\"https:\/\/wp.calmet.com\/\"},{\"@type\":\"ListItem\",\"position\":2,\"name\":\"Facilities\"}]},{\"@type\":\"WebSite\",\"@id\":\"https:\/\/www.calmet.com\/#website\",\"url\":\"https:\/\/www.calmet.com\/\",\"name\":\"Calmet.com\",\"description\":\"\",\"publisher\":{\"@id\":\"https:\/\/www.calmet.com\/#organization\"},\"potentialAction\":[{\"@type\":\"SearchAction\",\"target\":{\"@type\":\"EntryPoint\",\"urlTemplate\":\"https:\/\/www.calmet.com\/?s={search_term_string}\"},\"query-input\":{\"@type\":\"PropertyValueSpecification\",\"valueRequired\":true,\"valueName\":\"search_term_string\"}}],\"inLanguage\":\"de\"},{\"@type\":\"Organization\",\"@id\":\"https:\/\/www.calmet.com\/#organization\",\"name\":\"Calmet\",\"url\":\"https:\/\/www.calmet.com\/\",\"logo\":{\"@type\":\"ImageObject\",\"inLanguage\":\"de\",\"@id\":\"https:\/\/www.calmet.com\/#\/schema\/logo\/image\/\",\"url\":\"https:\/\/wp.calmet.com\/wp-content\/uploads\/2025\/12\/calmet-logo-1.png\",\"contentUrl\":\"https:\/\/wp.calmet.com\/wp-content\/uploads\/2025\/12\/calmet-logo-1.png\",\"width\":210,\"height\":42,\"caption\":\"Calmet\"},\"image\":{\"@id\":\"https:\/\/www.calmet.com\/#\/schema\/logo\/image\/\"}}]}<\/script>\n<!-- \/ Yoast SEO plugin. -->","yoast_head_json":{"title":"Facilities - Iron Casting, Forging, Machining Manufacturer & Supplier","description":"Calmet Offers best quality Iron Casting, Forging, Machining & high precision parts manufacturing materials and products to all over the world. They are Low cost casting supplier in USA.","robots":{"index":"index","follow":"follow","max-snippet":"max-snippet:-1","max-image-preview":"max-image-preview:large","max-video-preview":"max-video-preview:-1"},"canonical":"https:\/\/www.calmet.com\/facilities\/","twitter_misc":{"Gesch\u00e4tzte Lesezeit":"2\u00a0Minuten"},"schema":{"@context":"https:\/\/schema.org","@graph":[{"@type":"WebPage","@id":"https:\/\/www.calmet.com\/facilities\/","url":"https:\/\/www.calmet.com\/facilities\/","name":"Facilities - Iron Casting, Forging, Machining Manufacturer & Supplier","isPartOf":{"@id":"https:\/\/www.calmet.com\/#website"},"primaryImageOfPage":{"@id":"https:\/\/www.calmet.com\/facilities\/#primaryimage"},"image":{"@id":"https:\/\/www.calmet.com\/facilities\/#primaryimage"},"thumbnailUrl":"https:\/\/wp.calmet.com\/wp-content\/uploads\/2017\/07\/home-banner-1.jpg","datePublished":"2017-11-28T06:14:35+00:00","dateModified":"2025-04-29T06:36:29+00:00","description":"Calmet Offers best quality Iron Casting, Forging, Machining & high precision parts manufacturing materials and products to all over the world. They are Low cost casting supplier in USA.","breadcrumb":{"@id":"https:\/\/www.calmet.com\/facilities\/#breadcrumb"},"inLanguage":"de","potentialAction":[{"@type":"ReadAction","target":["https:\/\/www.calmet.com\/facilities\/"]}]},{"@type":"ImageObject","inLanguage":"de","@id":"https:\/\/www.calmet.com\/facilities\/#primaryimage","url":"https:\/\/wp.calmet.com\/wp-content\/uploads\/2017\/07\/home-banner-1.jpg","contentUrl":"https:\/\/wp.calmet.com\/wp-content\/uploads\/2017\/07\/home-banner-1.jpg","width":1920,"height":600,"caption":"home-banner"},{"@type":"BreadcrumbList","@id":"https:\/\/www.calmet.com\/facilities\/#breadcrumb","itemListElement":[{"@type":"ListItem","position":1,"name":"Home","item":"https:\/\/wp.calmet.com\/"},{"@type":"ListItem","position":2,"name":"Facilities"}]},{"@type":"WebSite","@id":"https:\/\/www.calmet.com\/#website","url":"https:\/\/www.calmet.com\/","name":"Calmet.com","description":"","publisher":{"@id":"https:\/\/www.calmet.com\/#organization"},"potentialAction":[{"@type":"SearchAction","target":{"@type":"EntryPoint","urlTemplate":"https:\/\/www.calmet.com\/?s={search_term_string}"},"query-input":{"@type":"PropertyValueSpecification","valueRequired":true,"valueName":"search_term_string"}}],"inLanguage":"de"},{"@type":"Organization","@id":"https:\/\/www.calmet.com\/#organization","name":"Calmet","url":"https:\/\/www.calmet.com\/","logo":{"@type":"ImageObject","inLanguage":"de","@id":"https:\/\/www.calmet.com\/#\/schema\/logo\/image\/","url":"https:\/\/wp.calmet.com\/wp-content\/uploads\/2025\/12\/calmet-logo-1.png","contentUrl":"https:\/\/wp.calmet.com\/wp-content\/uploads\/2025\/12\/calmet-logo-1.png","width":210,"height":42,"caption":"Calmet"},"image":{"@id":"https:\/\/www.calmet.com\/#\/schema\/logo\/image\/"}}]}},"_links":{"self":[{"href":"https:\/\/wp.calmet.com\/de\/wp-json\/wp\/v2\/pages\/130","targetHints":{"allow":["GET"]}}],"collection":[{"href":"https:\/\/wp.calmet.com\/de\/wp-json\/wp\/v2\/pages"}],"about":[{"href":"https:\/\/wp.calmet.com\/de\/wp-json\/wp\/v2\/types\/page"}],"author":[{"embeddable":true,"href":"https:\/\/wp.calmet.com\/de\/wp-json\/wp\/v2\/users\/1"}],"replies":[{"embeddable":true,"href":"https:\/\/wp.calmet.com\/de\/wp-json\/wp\/v2\/comments?post=130"}],"version-history":[{"count":23,"href":"https:\/\/wp.calmet.com\/de\/wp-json\/wp\/v2\/pages\/130\/revisions"}],"predecessor-version":[{"id":2781,"href":"https:\/\/wp.calmet.com\/de\/wp-json\/wp\/v2\/pages\/130\/revisions\/2781"}],"wp:featuredmedia":[{"embeddable":true,"href":"https:\/\/wp.calmet.com\/de\/wp-json\/wp\/v2\/media\/49"}],"wp:attachment":[{"href":"https:\/\/wp.calmet.com\/de\/wp-json\/wp\/v2\/media?parent=130"}],"curies":[{"name":"wp","href":"https:\/\/api.w.org\/{rel}","templated":true}]}}