{"id":203,"date":"2017-12-05T09:25:33","date_gmt":"2017-12-05T09:25:33","guid":{"rendered":"http:\/\/avanexa.in\/calmet\/?post_type=facilities&#038;p=203"},"modified":"2023-08-19T10:10:58","modified_gmt":"2023-08-19T10:10:58","slug":"machine-shop","status":"publish","type":"page","link":"https:\/\/wp.calmet.com\/de\/machine-shop\/","title":{"rendered":"Maschinenfabrik"},"content":{"rendered":"<div class=\"wpb-content-wrapper\"><div class=\"vc_row wpb_row vc_row-fluid\"><div class=\"wpb_column vc_column_container vc_col-sm-12\"><div class=\"vc_column-inner\"><div class=\"wpb_wrapper\"><h1 style=\"font-size: 24px;color: #008bca;text-align: left\" class=\"vc_custom_heading vc_do_custom_heading found\" >Maschinenfabrik<br \/>\n<\/h1><div class=\"vc_empty_space\"   style=\"height: 12px\"><span class=\"vc_empty_space_inner\"><\/span><\/div>\n\t<div class=\"wpb_text_column wpb_content_element\" >\n\t\t<div class=\"wpb_wrapper\">\n\t\t\t<p><span data-sheets-value=\"{&quot;1&quot;:2,&quot;2&quot;:&quot;Our fully equipped machine shop is geared to develop parts of exceptional dimensional accuracy. Our machine shop is equipped with automatic, semi-automatic, special purpose, conventional, CNC machines with the latest version of operating control systems.&quot;}\" data-sheets-userformat=\"{&quot;2&quot;:4482,&quot;4&quot;:{&quot;1&quot;:2,&quot;2&quot;:16777215},&quot;10&quot;:2,&quot;11&quot;:0,&quot;15&quot;:&quot;Arial&quot;}\">Unsere voll ausgestattete Werkstatt ist auf die Fertigung von Bauteilen mit au\u00dfergew\u00f6hnlicher Ma\u00dfgenauigkeit ausgerichtet. Sie verf\u00fcgt \u00fcber automatische, halbautomatische, Sonder-, konventionelle und CNC-Maschinen mit modernster Steuerungstechnik.<\/span><\/p>\n\n\t\t<\/div>\n\t<\/div>\n\n\t<div class=\"wpb_text_column wpb_content_element\" >\n\t\t<div class=\"wpb_wrapper\">\n\t\t\t\n\t\t<\/div>\n\t<\/div>\n<\/div><\/div><\/div><\/div><div class=\"vc_row wpb_row vc_row-fluid\"><div class=\"wpb_column vc_column_container vc_col-sm-12\"><div class=\"vc_column-inner\"><div class=\"wpb_wrapper\">\n\t<div class=\"wpb_text_column wpb_content_element\" >\n\t\t<div class=\"wpb_wrapper\">\n\t\t\t<div class=\"table-responsive\">\n<table class=\"table table-bordered various\">\n<thead>\n<tr>\n<th>Maschine<\/th>\n<th>Spannfutter-\/Tischgr\u00f6\u00dfe (mm)<\/th>\n<th>F\u00e4higkeit (Toleranz)<\/th>\n<th>Maximales Arbeitsgewicht (kg)<\/th>\n<\/tr>\n<tr>\n<td class=\"active\" colspan=\"4\">Konventionell<\/td>\n<\/tr>\n<\/thead>\n<tbody>\n<tr>\n<td>\n<ul class=\"disa\">\n<li><i class=\"fa fa-circle\" aria-hidden=\"true\"><\/i> Drehbank<\/li>\n<li><i class=\"fa fa-circle\" aria-hidden=\"true\"><\/i> Vertikale Revolverdrehmaschine<\/li>\n<li><i class=\"fa fa-circle\" aria-hidden=\"true\"><\/i> Fr\u00e4smaschine<\/li>\n<li><i class=\"fa fa-circle\" aria-hidden=\"true\"><\/i> Koordinatenbohrmaschine<\/li>\n<li><i class=\"fa fa-circle\" aria-hidden=\"true\"><\/i> Horizontalbohrmaschine<\/li>\n<li><i class=\"fa fa-circle\" aria-hidden=\"true\"><\/i> Bettweg-Schleifmaschine<\/li>\n<li><i class=\"fa fa-circle\" aria-hidden=\"true\"><\/i> Plano Miller M\/c<\/li>\n<li><i class=\"fa fa-circle\" aria-hidden=\"true\"><\/i> Mehrspindel-Bohrmaschine<\/li>\n<\/ul>\n<\/td>\n<td>\n<ul class=\"disa\">\n<li><i class=\"fa fa-circle\" aria-hidden=\"true\"><\/i> 500<\/li>\n<li><i class=\"fa fa-circle\" aria-hidden=\"true\"><\/i> 1000<\/li>\n<li><i class=\"fa fa-circle\" aria-hidden=\"true\"><\/i> 1000 x 1000<\/li>\n<li><i class=\"fa fa-circle\" aria-hidden=\"true\"><\/i> 750<\/li>\n<li><i class=\"fa fa-circle\" aria-hidden=\"true\"><\/i> 1000<\/li>\n<li><i class=\"fa fa-circle\" aria-hidden=\"true\"><\/i> 5000 x 1000<\/li>\n<li><i class=\"fa fa-circle\" aria-hidden=\"true\"><\/i> 6000 x 2000<\/li>\n<li><i class=\"fa fa-circle\" aria-hidden=\"true\"><\/i> 750<\/li>\n<\/ul>\n<\/td>\n<td>\n<ul class=\"disa\">\n<li><i class=\"fa fa-circle\" aria-hidden=\"true\"><\/i> 50 Mikrofon<\/li>\n<li><i class=\"fa fa-circle\" aria-hidden=\"true\"><\/i> 50 Mikrofon<\/li>\n<li><i class=\"fa fa-circle\" aria-hidden=\"true\"><\/i> 50 Mikrofon<\/li>\n<li><i class=\"fa fa-circle\" aria-hidden=\"true\"><\/i> 10 Mikrofon<\/li>\n<li><i class=\"fa fa-circle\" aria-hidden=\"true\"><\/i> 25 Mikrofone<\/li>\n<li><i class=\"fa fa-circle\" aria-hidden=\"true\"><\/i> 50 Mikrofon<\/li>\n<li><i class=\"fa fa-circle\" aria-hidden=\"true\"><\/i> 50 Mikrofon<\/li>\n<li><i class=\"fa fa-circle\" aria-hidden=\"true\"><\/i> 10 Mikrofon<\/li>\n<\/ul>\n<\/td>\n<td>\n<ul class=\"disa\">\n<li><i class=\"fa fa-circle\" aria-hidden=\"true\"><\/i> 100<\/li>\n<li><i class=\"fa fa-circle\" aria-hidden=\"true\"><\/i> 500<\/li>\n<li><i class=\"fa fa-circle\" aria-hidden=\"true\"><\/i> 10<\/li>\n<li><i class=\"fa fa-circle\" aria-hidden=\"true\"><\/i> 250<\/li>\n<li><i class=\"fa fa-circle\" aria-hidden=\"true\"><\/i> 250<\/li>\n<li><i class=\"fa fa-circle\" aria-hidden=\"true\"><\/i> 3000<\/li>\n<li><i class=\"fa fa-circle\" aria-hidden=\"true\"><\/i> 2000<\/li>\n<li><i class=\"fa fa-circle\" aria-hidden=\"true\"><\/i> 500<\/li>\n<\/ul>\n<\/td>\n<\/tr>\n<tr class=\"active\">\n<td colspan=\"4\">CNC<\/td>\n<\/tr>\n<tr>\n<td>\n<ul class=\"disa\">\n<li><i class=\"fa fa-circle\" aria-hidden=\"true\"><\/i> Vertikales Bearbeitungszentrum<\/li>\n<li><i class=\"fa fa-circle\" aria-hidden=\"true\"><\/i> Horizontales Bearbeitungszentrum<\/li>\n<li><i class=\"fa fa-circle\" aria-hidden=\"true\"><\/i> Drehzentrum<\/li>\n<li><i class=\"fa fa-circle\" aria-hidden=\"true\"><\/i> Drehm\u00fchlenzentrum<\/li>\n<li><i class=\"fa fa-circle\" aria-hidden=\"true\"><\/i> W\u00e4lzfr\u00e4smaschine<\/li>\n<\/ul>\n<\/td>\n<td>\n<ul class=\"disa\">\n<li><i class=\"fa fa-circle\" aria-hidden=\"true\"><\/i> 1000 x 650 x 450<\/li>\n<li><i class=\"fa fa-circle\" aria-hidden=\"true\"><\/i> 800 x 800<\/li>\n<li><i class=\"fa fa-circle\" aria-hidden=\"true\"><\/i> 400<\/li>\n<li><i class=\"fa fa-circle\" aria-hidden=\"true\"><\/i> 500<\/li>\n<li><i class=\"fa fa-circle\" aria-hidden=\"true\"><\/i> 900<\/li>\n<\/ul>\n<\/td>\n<td>\n<ul class=\"disa\">\n<li><i class=\"fa fa-circle\" aria-hidden=\"true\"><\/i> 2 Mikrofone<\/li>\n<li><i class=\"fa fa-circle\" aria-hidden=\"true\"><\/i> 1 Mikrofon<\/li>\n<li><i class=\"fa fa-circle\" aria-hidden=\"true\"><\/i> 1 Mikrofon<\/li>\n<li><i class=\"fa fa-circle\" aria-hidden=\"true\"><\/i> 1 Mikrofon<\/li>\n<li><i class=\"fa fa-circle\" aria-hidden=\"true\"><\/i> 1 Mikrofon<\/li>\n<\/ul>\n<\/td>\n<td>\n<ul class=\"disa\">\n<li><i class=\"fa fa-circle\" aria-hidden=\"true\"><\/i> 750<\/li>\n<li><i class=\"fa fa-circle\" aria-hidden=\"true\"><\/i> 1100<\/li>\n<li><i class=\"fa fa-circle\" aria-hidden=\"true\"><\/i> 25<\/li>\n<li><i class=\"fa fa-circle\" aria-hidden=\"true\"><\/i> 25<\/li>\n<li><i class=\"fa fa-circle\" aria-hidden=\"true\"><\/i> 250<\/li>\n<\/ul>\n<\/td>\n<\/tr>\n<\/tbody>\n<\/table>\n<\/div>\n\n\t\t<\/div>\n\t<\/div>\n<\/div><\/div><\/div><\/div><div class=\"vc_row wpb_row vc_row-fluid\"><div class=\"wpb_column vc_column_container vc_col-sm-6\"><div class=\"vc_column-inner\"><div class=\"wpb_wrapper\"><h4 style=\"font-size: 24px;color: #008bca;text-align: left\" class=\"vc_custom_heading vc_do_custom_heading found\" >Die Bearbeitungsprozesse sind:<\/h4><div class=\"vc_empty_space\"   style=\"height: 22px\"><span class=\"vc_empty_space_inner\"><\/span><\/div>\n\t<div class=\"wpb_text_column wpb_content_element\" >\n\t\t<div class=\"wpb_wrapper\">\n\t\t\t<ul class=\"classy\">\n<li><i class=\"fa fa-circle\" aria-hidden=\"true\"><\/i> Turing<\/li>\n<li><i class=\"fa fa-circle\" aria-hidden=\"true\"><\/i> Konfrontation<\/li>\n<li><i class=\"fa fa-circle\" aria-hidden=\"true\"><\/i> Langweilig<\/li>\n<li><i class=\"fa fa-circle\" aria-hidden=\"true\"><\/i> Mahlen<\/li>\n<li><i class=\"fa fa-circle\" aria-hidden=\"true\"><\/i> Bohren<\/li>\n<li><i class=\"fa fa-circle\" aria-hidden=\"true\"><\/i> Planung<\/li>\n<li><i class=\"fa fa-circle\" aria-hidden=\"true\"><\/i> Gestaltung<\/li>\n<li><i class=\"fa fa-circle\" aria-hidden=\"true\"><\/i> Rillen<\/li>\n<li><i class=\"fa fa-circle\" aria-hidden=\"true\"><\/i> Gesichtsschleifen<\/li>\n<li><i class=\"fa fa-circle\" aria-hidden=\"true\"><\/i> Rundschleifen<\/li>\n<li><i class=\"fa fa-circle\" aria-hidden=\"true\"><\/i> Honen<\/li>\n<li><i class=\"fa fa-circle\" aria-hidden=\"true\"><\/i> W\u00e4lzfr\u00e4sen<\/li>\n<li><i class=\"fa fa-circle\" aria-hidden=\"true\"><\/i> Gewindeschneiden<\/li>\n<li><i class=\"fa fa-circle\" aria-hidden=\"true\"><\/i> Runden<\/li>\n<li><i class=\"fa fa-circle\" aria-hidden=\"true\"><\/i> Klopfen<\/li>\n<\/ul>\n\n\t\t<\/div>\n\t<\/div>\n<\/div><\/div><\/div><div class=\"wpb_column vc_column_container vc_col-sm-6\"><div class=\"vc_column-inner\"><div class=\"wpb_wrapper\">\n\t<div  class=\"wpb_single_image wpb_content_element vc_align_left wpb_content_element\">\n\t\t\n\t\t<figure class=\"wpb_wrapper vc_figure\">\n\t\t\t<div class=\"vc_single_image-wrapper   vc_box_border_grey\"><img loading=\"lazy\" decoding=\"async\" width=\"492\" height=\"434\" src=\"https:\/\/wp.calmet.com\/wp-content\/uploads\/2017\/12\/development_flowchart1.jpg\" class=\"vc_single_image-img attachment-full\" alt=\"development_flowchart1\" title=\"Entwicklungsablaufdiagramm 1\" srcset=\"https:\/\/wp.calmet.com\/wp-content\/uploads\/2017\/12\/development_flowchart1.jpg 492w, https:\/\/wp.calmet.com\/wp-content\/uploads\/2017\/12\/development_flowchart1-300x265.jpg 300w\" sizes=\"auto, (max-width: 492px) 100vw, 492px\" \/><\/div>\n\t\t<\/figure>\n\t<\/div>\n<\/div><\/div><\/div><\/div><div class=\"vc_row wpb_row vc_row-fluid\"><div class=\"wpb_column vc_column_container vc_col-sm-12\"><div class=\"vc_column-inner\"><div class=\"wpb_wrapper\"><h4 style=\"font-size: 24px;color: #008bca;text-align: left\" class=\"vc_custom_heading vc_do_custom_heading found\" >Unsere Wertsch\u00f6pfungsprozesse umfassen<\/h4><div class=\"vc_empty_space\"   style=\"height: 22px\"><span class=\"vc_empty_space_inner\"><\/span><\/div><\/div><\/div><\/div><\/div><div class=\"vc_row wpb_row vc_row-fluid\"><div class=\"wpb_column vc_column_container vc_col-sm-4\"><div class=\"vc_column-inner\"><div class=\"wpb_wrapper\">\n\t<div class=\"wpb_text_column wpb_content_element\" >\n\t\t<div class=\"wpb_wrapper\">\n\t\t\t<ul class=\"classy\">\n<li><i class=\"fa fa-circle\" aria-hidden=\"true\"><\/i> Malerei<\/li>\n<li><i class=\"fa fa-circle\" aria-hidden=\"true\"><\/i> Vibrationspolieren<\/li>\n<li><i class=\"fa fa-circle\" aria-hidden=\"true\"><\/i> Purzelbaum<\/li>\n<li><i class=\"fa fa-circle\" aria-hidden=\"true\"><\/i> Schleifen von Riemen<\/li>\n<li><i class=\"fa fa-circle\" aria-hidden=\"true\"><\/i> Gl\u00e4tten<\/li>\n<li><i class=\"fa fa-circle\" aria-hidden=\"true\"><\/i> Punktschwei\u00dfen<\/li>\n<li><i class=\"fa fa-circle\" aria-hidden=\"true\"><\/i> Orbitales Nieten<\/li>\n<\/ul>\n\n\t\t<\/div>\n\t<\/div>\n<\/div><\/div><\/div><div class=\"wpb_column vc_column_container vc_col-sm-4\"><div class=\"vc_column-inner\"><div class=\"wpb_wrapper\">\n\t<div class=\"wpb_text_column wpb_content_element\" >\n\t\t<div class=\"wpb_wrapper\">\n\t\t\t<ul class=\"classy\">\n<li><i class=\"fa fa-circle\" aria-hidden=\"true\"><\/i> W\u00e4rmebehandlung<\/li>\n<li><i class=\"fa fa-circle\" aria-hidden=\"true\"><\/i> Gl\u00fchen<\/li>\n<li><i class=\"fa fa-circle\" aria-hidden=\"true\"><\/i> Durch H\u00e4rtung<\/li>\n<li><i class=\"fa fa-circle\" aria-hidden=\"true\"><\/i> Einsatzh\u00e4rtung<\/li>\n<li><i class=\"fa fa-circle\" aria-hidden=\"true\"><\/i> Case Carbonitriding<\/li>\n<li><i class=\"fa fa-circle\" aria-hidden=\"true\"><\/i> Tuffriding<\/li>\n<li><i class=\"fa fa-circle\" aria-hidden=\"true\"><\/i> Eisennitrieren<\/li>\n<li><i class=\"fa fa-circle\" aria-hidden=\"true\"><\/i> Induktionsh\u00e4rtung<\/li>\n<\/ul>\n\n\t\t<\/div>\n\t<\/div>\n<\/div><\/div><\/div><div class=\"wpb_column vc_column_container vc_col-sm-4\"><div class=\"vc_column-inner\"><div class=\"wpb_wrapper\">\n\t<div class=\"wpb_text_column wpb_content_element\" >\n\t\t<div class=\"wpb_wrapper\">\n\t\t\t<ul class=\"classy\">\n<li><i class=\"fa fa-circle\" aria-hidden=\"true\"><\/i> Oberfl\u00e4chenbehandlung<\/li>\n<li><i class=\"fa fa-circle\" aria-hidden=\"true\"><\/i> Phosphatierung<\/li>\n<li><i class=\"fa fa-circle\" aria-hidden=\"true\"><\/i> Chemische Impr\u00e4gnierung<\/li>\n<li><i class=\"fa fa-circle\" aria-hidden=\"true\"><\/i> Verzinkung<\/li>\n<li><i class=\"fa fa-circle\" aria-hidden=\"true\"><\/i> Schw\u00e4rzung<\/li>\n<li><i class=\"fa fa-circle\" aria-hidden=\"true\"><\/i> Hei\u00dfverchromung<\/li>\n<li><i class=\"fa fa-circle\" aria-hidden=\"true\"><\/i> Nickelplattierung<\/li>\n<li><i class=\"fa fa-circle\" aria-hidden=\"true\"><\/i> Silberplattierung<\/li>\n<\/ul>\n\n\t\t<\/div>\n\t<\/div>\n<\/div><\/div><\/div><\/div><div class=\"vc_row wpb_row vc_row-fluid\"><div class=\"wpb_column vc_column_container vc_col-sm-4\"><div class=\"vc_column-inner\"><div class=\"wpb_wrapper\">\n\t<div  class=\"wpb_single_image wpb_content_element vc_align_center wpb_content_element\">\n\t\t\n\t\t<figure class=\"wpb_wrapper vc_figure\">\n\t\t\t<div class=\"vc_single_image-wrapper vc_box_shadow  vc_box_border_grey\"><img loading=\"lazy\" decoding=\"async\" width=\"350\" height=\"250\" src=\"https:\/\/wp.calmet.com\/wp-content\/uploads\/2017\/12\/machineshop-1.jpg\" class=\"vc_single_image-img attachment-full\" alt=\"machineshop-1\" title=\"Maschinenwerkstatt-1\" srcset=\"https:\/\/wp.calmet.com\/wp-content\/uploads\/2017\/12\/machineshop-1.jpg 350w, https:\/\/wp.calmet.com\/wp-content\/uploads\/2017\/12\/machineshop-1-300x214.jpg 300w\" sizes=\"auto, (max-width: 350px) 100vw, 350px\" \/><\/div>\n\t\t<\/figure>\n\t<\/div>\n<\/div><\/div><\/div><div class=\"wpb_column vc_column_container vc_col-sm-4\"><div class=\"vc_column-inner\"><div class=\"wpb_wrapper\">\n\t<div  class=\"wpb_single_image wpb_content_element vc_align_center wpb_content_element\">\n\t\t\n\t\t<figure class=\"wpb_wrapper vc_figure\">\n\t\t\t<div class=\"vc_single_image-wrapper vc_box_shadow  vc_box_border_grey\"><img loading=\"lazy\" decoding=\"async\" width=\"350\" height=\"250\" src=\"https:\/\/wp.calmet.com\/wp-content\/uploads\/2017\/12\/machineshop-2.jpg\" class=\"vc_single_image-img attachment-full\" alt=\"machineshop-2\" title=\"Maschinenwerkstatt-2\" srcset=\"https:\/\/wp.calmet.com\/wp-content\/uploads\/2017\/12\/machineshop-2.jpg 350w, https:\/\/wp.calmet.com\/wp-content\/uploads\/2017\/12\/machineshop-2-300x214.jpg 300w\" sizes=\"auto, (max-width: 350px) 100vw, 350px\" \/><\/div>\n\t\t<\/figure>\n\t<\/div>\n<\/div><\/div><\/div><div class=\"wpb_column vc_column_container vc_col-sm-4\"><div class=\"vc_column-inner\"><div class=\"wpb_wrapper\"><\/div><\/div><\/div><\/div>\n<\/div>","protected":false},"excerpt":{"rendered":"<p>Our Fully equipped machine shop is geared to develop parts of exceptional dimensional accuracy. Our machine shop is equipped with Semi-Automatic, Special purpose, Conventional.<\/p>","protected":false},"author":1,"featured_media":49,"parent":0,"menu_order":1,"comment_status":"closed","ping_status":"closed","template":"","meta":{"_acf_changed":false,"footnotes":""},"class_list":["post-203","page","type-page","status-publish","has-post-thumbnail","hentry"],"acf":[],"yoast_head":"<!-- This site is optimized with the Yoast SEO plugin v27.2 - https:\/\/yoast.com\/product\/yoast-seo-wordpress\/ -->\n<title>Machine Shop - CNC Machine Shop, CNC Milling, Lathe Machine Shops - USA<\/title>\n<meta name=\"description\" content=\"Our Calmet Machine Shop offers Semi-Automatic, Special purpose, Conventional, CNC Machines with the latest version of operating control systems. We are Specializing in CNC Milling Machines.\" \/>\n<meta name=\"robots\" content=\"index, follow, max-snippet:-1, max-image-preview:large, max-video-preview:-1\" \/>\n<link rel=\"canonical\" href=\"https:\/\/www.calmet.com\/machine-shop\/\" \/>\n<meta name=\"twitter:label1\" content=\"Gesch\u00e4tzte Lesezeit\" \/>\n\t<meta name=\"twitter:data1\" content=\"2\u00a0Minuten\" \/>\n<script type=\"application\/ld+json\" class=\"yoast-schema-graph\">{\"@context\":\"https:\/\/schema.org\",\"@graph\":[{\"@type\":\"WebPage\",\"@id\":\"https:\/\/www.calmet.com\/machine-shop\/\",\"url\":\"https:\/\/www.calmet.com\/machine-shop\/\",\"name\":\"Machine Shop - CNC Machine Shop, CNC Milling, Lathe Machine Shops - USA\",\"isPartOf\":{\"@id\":\"https:\/\/www.calmet.com\/#website\"},\"primaryImageOfPage\":{\"@id\":\"https:\/\/www.calmet.com\/machine-shop\/#primaryimage\"},\"image\":{\"@id\":\"https:\/\/www.calmet.com\/machine-shop\/#primaryimage\"},\"thumbnailUrl\":\"https:\/\/wp.calmet.com\/wp-content\/uploads\/2017\/07\/home-banner-1.jpg\",\"datePublished\":\"2017-12-05T09:25:33+00:00\",\"dateModified\":\"2023-08-19T10:10:58+00:00\",\"description\":\"Our Calmet Machine Shop offers Semi-Automatic, Special purpose, Conventional, CNC Machines with the latest version of operating control systems. We are Specializing in CNC Milling Machines.\",\"breadcrumb\":{\"@id\":\"https:\/\/www.calmet.com\/machine-shop\/#breadcrumb\"},\"inLanguage\":\"de\",\"potentialAction\":[{\"@type\":\"ReadAction\",\"target\":[\"https:\/\/www.calmet.com\/machine-shop\/\"]}]},{\"@type\":\"ImageObject\",\"inLanguage\":\"de\",\"@id\":\"https:\/\/www.calmet.com\/machine-shop\/#primaryimage\",\"url\":\"https:\/\/wp.calmet.com\/wp-content\/uploads\/2017\/07\/home-banner-1.jpg\",\"contentUrl\":\"https:\/\/wp.calmet.com\/wp-content\/uploads\/2017\/07\/home-banner-1.jpg\",\"width\":1920,\"height\":600,\"caption\":\"home-banner\"},{\"@type\":\"BreadcrumbList\",\"@id\":\"https:\/\/www.calmet.com\/machine-shop\/#breadcrumb\",\"itemListElement\":[{\"@type\":\"ListItem\",\"position\":1,\"name\":\"Home\",\"item\":\"https:\/\/wp.calmet.com\/\"},{\"@type\":\"ListItem\",\"position\":2,\"name\":\"Machine Shop\"}]},{\"@type\":\"WebSite\",\"@id\":\"https:\/\/www.calmet.com\/#website\",\"url\":\"https:\/\/www.calmet.com\/\",\"name\":\"Calmet.com\",\"description\":\"\",\"publisher\":{\"@id\":\"https:\/\/www.calmet.com\/#organization\"},\"potentialAction\":[{\"@type\":\"SearchAction\",\"target\":{\"@type\":\"EntryPoint\",\"urlTemplate\":\"https:\/\/www.calmet.com\/?s={search_term_string}\"},\"query-input\":{\"@type\":\"PropertyValueSpecification\",\"valueRequired\":true,\"valueName\":\"search_term_string\"}}],\"inLanguage\":\"de\"},{\"@type\":\"Organization\",\"@id\":\"https:\/\/www.calmet.com\/#organization\",\"name\":\"Calmet\",\"url\":\"https:\/\/www.calmet.com\/\",\"logo\":{\"@type\":\"ImageObject\",\"inLanguage\":\"de\",\"@id\":\"https:\/\/www.calmet.com\/#\/schema\/logo\/image\/\",\"url\":\"https:\/\/wp.calmet.com\/wp-content\/uploads\/2025\/12\/calmet-logo-1.png\",\"contentUrl\":\"https:\/\/wp.calmet.com\/wp-content\/uploads\/2025\/12\/calmet-logo-1.png\",\"width\":210,\"height\":42,\"caption\":\"Calmet\"},\"image\":{\"@id\":\"https:\/\/www.calmet.com\/#\/schema\/logo\/image\/\"}}]}<\/script>\n<!-- \/ Yoast SEO plugin. -->","yoast_head_json":{"title":"Machine Shop - CNC Machine Shop, CNC Milling, Lathe Machine Shops - USA","description":"Our Calmet Machine Shop offers Semi-Automatic, Special purpose, Conventional, CNC Machines with the latest version of operating control systems. We are Specializing in CNC Milling Machines.","robots":{"index":"index","follow":"follow","max-snippet":"max-snippet:-1","max-image-preview":"max-image-preview:large","max-video-preview":"max-video-preview:-1"},"canonical":"https:\/\/www.calmet.com\/machine-shop\/","twitter_misc":{"Gesch\u00e4tzte Lesezeit":"2\u00a0Minuten"},"schema":{"@context":"https:\/\/schema.org","@graph":[{"@type":"WebPage","@id":"https:\/\/www.calmet.com\/machine-shop\/","url":"https:\/\/www.calmet.com\/machine-shop\/","name":"Machine Shop - CNC Machine Shop, CNC Milling, Lathe Machine Shops - USA","isPartOf":{"@id":"https:\/\/www.calmet.com\/#website"},"primaryImageOfPage":{"@id":"https:\/\/www.calmet.com\/machine-shop\/#primaryimage"},"image":{"@id":"https:\/\/www.calmet.com\/machine-shop\/#primaryimage"},"thumbnailUrl":"https:\/\/wp.calmet.com\/wp-content\/uploads\/2017\/07\/home-banner-1.jpg","datePublished":"2017-12-05T09:25:33+00:00","dateModified":"2023-08-19T10:10:58+00:00","description":"Our Calmet Machine Shop offers Semi-Automatic, Special purpose, Conventional, CNC Machines with the latest version of operating control systems. We are Specializing in CNC Milling Machines.","breadcrumb":{"@id":"https:\/\/www.calmet.com\/machine-shop\/#breadcrumb"},"inLanguage":"de","potentialAction":[{"@type":"ReadAction","target":["https:\/\/www.calmet.com\/machine-shop\/"]}]},{"@type":"ImageObject","inLanguage":"de","@id":"https:\/\/www.calmet.com\/machine-shop\/#primaryimage","url":"https:\/\/wp.calmet.com\/wp-content\/uploads\/2017\/07\/home-banner-1.jpg","contentUrl":"https:\/\/wp.calmet.com\/wp-content\/uploads\/2017\/07\/home-banner-1.jpg","width":1920,"height":600,"caption":"home-banner"},{"@type":"BreadcrumbList","@id":"https:\/\/www.calmet.com\/machine-shop\/#breadcrumb","itemListElement":[{"@type":"ListItem","position":1,"name":"Home","item":"https:\/\/wp.calmet.com\/"},{"@type":"ListItem","position":2,"name":"Machine Shop"}]},{"@type":"WebSite","@id":"https:\/\/www.calmet.com\/#website","url":"https:\/\/www.calmet.com\/","name":"Calmet.com","description":"","publisher":{"@id":"https:\/\/www.calmet.com\/#organization"},"potentialAction":[{"@type":"SearchAction","target":{"@type":"EntryPoint","urlTemplate":"https:\/\/www.calmet.com\/?s={search_term_string}"},"query-input":{"@type":"PropertyValueSpecification","valueRequired":true,"valueName":"search_term_string"}}],"inLanguage":"de"},{"@type":"Organization","@id":"https:\/\/www.calmet.com\/#organization","name":"Calmet","url":"https:\/\/www.calmet.com\/","logo":{"@type":"ImageObject","inLanguage":"de","@id":"https:\/\/www.calmet.com\/#\/schema\/logo\/image\/","url":"https:\/\/wp.calmet.com\/wp-content\/uploads\/2025\/12\/calmet-logo-1.png","contentUrl":"https:\/\/wp.calmet.com\/wp-content\/uploads\/2025\/12\/calmet-logo-1.png","width":210,"height":42,"caption":"Calmet"},"image":{"@id":"https:\/\/www.calmet.com\/#\/schema\/logo\/image\/"}}]}},"_links":{"self":[{"href":"https:\/\/wp.calmet.com\/de\/wp-json\/wp\/v2\/pages\/203","targetHints":{"allow":["GET"]}}],"collection":[{"href":"https:\/\/wp.calmet.com\/de\/wp-json\/wp\/v2\/pages"}],"about":[{"href":"https:\/\/wp.calmet.com\/de\/wp-json\/wp\/v2\/types\/page"}],"author":[{"embeddable":true,"href":"https:\/\/wp.calmet.com\/de\/wp-json\/wp\/v2\/users\/1"}],"replies":[{"embeddable":true,"href":"https:\/\/wp.calmet.com\/de\/wp-json\/wp\/v2\/comments?post=203"}],"version-history":[{"count":36,"href":"https:\/\/wp.calmet.com\/de\/wp-json\/wp\/v2\/pages\/203\/revisions"}],"predecessor-version":[{"id":1760,"href":"https:\/\/wp.calmet.com\/de\/wp-json\/wp\/v2\/pages\/203\/revisions\/1760"}],"wp:featuredmedia":[{"embeddable":true,"href":"https:\/\/wp.calmet.com\/de\/wp-json\/wp\/v2\/media\/49"}],"wp:attachment":[{"href":"https:\/\/wp.calmet.com\/de\/wp-json\/wp\/v2\/media?parent=203"}],"curies":[{"name":"wp","href":"https:\/\/api.w.org\/{rel}","templated":true}]}}