{"id":211,"date":"2017-12-05T09:36:00","date_gmt":"2017-12-05T09:36:00","guid":{"rendered":"http:\/\/avanexa.in\/calmet\/?post_type=facilities&#038;p=211"},"modified":"2023-08-19T10:11:48","modified_gmt":"2023-08-19T10:11:48","slug":"quality-room","status":"publish","type":"page","link":"https:\/\/wp.calmet.com\/de\/quality-room\/","title":{"rendered":"Qualit\u00e4t Zimmer"},"content":{"rendered":"<div class=\"wpb-content-wrapper\"><div class=\"vc_row wpb_row vc_row-fluid\"><div class=\"wpb_column vc_column_container vc_col-sm-12\"><div class=\"vc_column-inner\"><div class=\"wpb_wrapper\"><h1 style=\"font-size: 24px;color: #008bca;text-align: left\" class=\"vc_custom_heading vc_do_custom_heading found\" >Qualit\u00e4t Zimmer<br \/>\n<\/h1>\n\t<div class=\"wpb_text_column wpb_content_element\" >\n\t\t<div class=\"wpb_wrapper\">\n\t\t\t<p>Wir haben uns verpflichtet, hochpr\u00e4zise Teile in erstklassiger Qualit\u00e4t zu wettbewerbsf\u00e4higen Preisen anzubieten. Die Qualit\u00e4t unserer Produkte gew\u00e4hrleisten wir durch<br \/>\nmodernste Pr\u00fcfeinrichtungen. Unser dreistufiger Qualit\u00e4tskontrollprozess umfasst die Rohmaterialpr\u00fcfung, die Ma\u00dfpr\u00fcfung und eine<br \/>\nabschlie\u00dfende Sonderpr\u00fcfung.<\/p>\n<p>Calmet ist nach ISO 9001:2008 zertifiziert und bietet Ingenieurdienstleistungen zur Lieferung von Gussteilen, Schmiedeteilen und bearbeiteten Komponenten an.<\/p>\n\n\t\t<\/div>\n\t<\/div>\n\n\t<div class=\"wpb_text_column wpb_content_element\" >\n\t\t<div class=\"wpb_wrapper\">\n\t\t\t\n\t\t<\/div>\n\t<\/div>\n<\/div><\/div><\/div><\/div><div class=\"vc_row wpb_row vc_row-fluid\"><div class=\"wpb_column vc_column_container vc_col-sm-12\"><div class=\"vc_column-inner\"><div class=\"wpb_wrapper\"><h4 style=\"font-size: 24px;color: #008bca;text-align: left\" class=\"vc_custom_heading vc_do_custom_heading found\" >Rohmaterialpr\u00fcfung<\/h4>\n\t<div class=\"wpb_text_column wpb_content_element\" >\n\t\t<div class=\"wpb_wrapper\">\n\t\t\t<ul class=\"classy\">\n<li><i class=\"fa fa-circle\" aria-hidden=\"true\"><\/i> Immersionsspektrometer (mit 24 Elementen)<\/li>\n<li><i class=\"fa fa-circle\" aria-hidden=\"true\"><\/i> Sandpr\u00fcfeinrichtungen<\/li>\n<li><i class=\"fa fa-circle\" aria-hidden=\"true\"><\/i> Universelle Zugpr\u00fcfmaschine<\/li>\n<li><i class=\"fa fa-circle\" aria-hidden=\"true\"><\/i> Bildanalysator<\/li>\n<li><i class=\"fa fa-circle\" aria-hidden=\"true\"><\/i> Online-Schimmelpr\u00fcfungseinrichtungen<\/li>\n<\/ul>\n\n\t\t<\/div>\n\t<\/div>\n<\/div><\/div><\/div><\/div><div class=\"vc_row wpb_row vc_row-fluid\"><div class=\"wpb_column vc_column_container vc_col-sm-12\"><div class=\"vc_column-inner\"><div class=\"wpb_wrapper\"><h4 style=\"font-size: 24px;color: #008bca;text-align: left\" class=\"vc_custom_heading vc_do_custom_heading found\" >Dimensionspr\u00fcfung<\/h4>\n\t<div class=\"wpb_text_column wpb_content_element\" >\n\t\t<div class=\"wpb_wrapper\">\n\t\t\t<ul class=\"classy\">\n<li><i class=\"fa fa-circle\" aria-hidden=\"true\"><\/i> Koordinatenmessmaschine (CNC-CMM) \u2013 Messbereich: 1 m x 1 m<\/li>\n<li><i class=\"fa fa-circle\" aria-hidden=\"true\"><\/i> Lineare Messmaschine (LMM) \u2013 Messbereich: 1 m x 1 m<\/li>\n<li><i class=\"fa fa-circle\" aria-hidden=\"true\"><\/i> Profilprojektor<\/li>\n<li><i class=\"fa fa-circle\" aria-hidden=\"true\"><\/i> Digitales H\u00f6henmessger\u00e4t \u2013 Messbereich: 1 m<\/li>\n<li><i class=\"fa fa-circle\" aria-hidden=\"true\"><\/i> Alle Arten von Pr\u00fcflehren und -instrumenten<\/li>\n<\/ul>\n\n\t\t<\/div>\n\t<\/div>\n<\/div><\/div><\/div><\/div><div class=\"vc_row wpb_row vc_row-fluid\"><div class=\"wpb_column vc_column_container vc_col-sm-12\"><div class=\"vc_column-inner\"><div class=\"wpb_wrapper\"><h4 style=\"font-size: 24px;color: #008bca;text-align: left\" class=\"vc_custom_heading vc_do_custom_heading found\" >Sonderinspektion<\/h4>\n\t<div class=\"wpb_text_column wpb_content_element\" >\n\t\t<div class=\"wpb_wrapper\">\n\t\t\t<ul class=\"classy\">\n<li><i class=\"fa fa-circle\" aria-hidden=\"true\"><\/i> Zerst\u00f6rungsfreie Pr\u00fcfung (R\u00f6ntgenpr\u00fcfung)<\/li>\n<li><i class=\"fa fa-circle\" aria-hidden=\"true\"><\/i> Ultraschallpr\u00fcfung<\/li>\n<li><i class=\"fa fa-circle\" aria-hidden=\"true\"><\/i> DP-Test<\/li>\n<li><i class=\"fa fa-circle\" aria-hidden=\"true\"><\/i> Hydrotest<\/li>\n<li><i class=\"fa fa-circle\" aria-hidden=\"true\"><\/i> Millipore-Reinheitstest<\/li>\n<li><i class=\"fa fa-circle\" aria-hidden=\"true\"><\/i> Statisches\/Dynamisches Auswuchten<\/li>\n<\/ul>\n\n\t\t<\/div>\n\t<\/div>\n<\/div><\/div><\/div><\/div><div class=\"vc_row wpb_row vc_row-fluid\"><div class=\"wpb_column vc_column_container vc_col-sm-3\"><div class=\"vc_column-inner\"><div class=\"wpb_wrapper\">\n\t<div  class=\"wpb_single_image wpb_content_element vc_align_left wpb_content_element\">\n\t\t\n\t\t<figure class=\"wpb_wrapper vc_figure\">\n\t\t\t<div class=\"vc_single_image-wrapper vc_box_shadow  vc_box_border_grey\"><img loading=\"lazy\" decoding=\"async\" width=\"167\" height=\"121\" src=\"https:\/\/wp.calmet.com\/wp-content\/uploads\/2017\/12\/quality-1-new.jpg\" class=\"vc_single_image-img attachment-full\" alt=\"quality-1-new\" title=\"Qualit\u00e4t-1-neu\" \/><\/div>\n\t\t<\/figure>\n\t<\/div>\n<\/div><\/div><\/div><div class=\"wpb_column vc_column_container vc_col-sm-3\"><div class=\"vc_column-inner\"><div class=\"wpb_wrapper\">\n\t<div  class=\"wpb_single_image wpb_content_element vc_align_left wpb_content_element\">\n\t\t\n\t\t<figure class=\"wpb_wrapper vc_figure\">\n\t\t\t<div class=\"vc_single_image-wrapper vc_box_shadow  vc_box_border_grey\"><img loading=\"lazy\" decoding=\"async\" width=\"167\" height=\"108\" src=\"https:\/\/wp.calmet.com\/wp-content\/uploads\/2017\/12\/quality-2.jpg\" class=\"vc_single_image-img attachment-full\" alt=\"quality-2\" title=\"Qualit\u00e4t-2\" \/><\/div>\n\t\t<\/figure>\n\t<\/div>\n<\/div><\/div><\/div><div class=\"wpb_column vc_column_container vc_col-sm-3\"><div class=\"vc_column-inner\"><div class=\"wpb_wrapper\">\n\t<div  class=\"wpb_single_image wpb_content_element vc_align_left wpb_content_element\">\n\t\t\n\t\t<figure class=\"wpb_wrapper vc_figure\">\n\t\t\t<div class=\"vc_single_image-wrapper vc_box_shadow  vc_box_border_grey\"><img loading=\"lazy\" decoding=\"async\" width=\"167\" height=\"108\" src=\"https:\/\/wp.calmet.com\/wp-content\/uploads\/2017\/12\/quality-3.jpg\" class=\"vc_single_image-img attachment-full\" alt=\"quality-3\" title=\"Qualit\u00e4t-3\" \/><\/div>\n\t\t<\/figure>\n\t<\/div>\n<\/div><\/div><\/div><div class=\"wpb_column vc_column_container vc_col-sm-3\"><div class=\"vc_column-inner\"><div class=\"wpb_wrapper\">\n\t<div  class=\"wpb_single_image wpb_content_element vc_align_left wpb_content_element\">\n\t\t\n\t\t<figure class=\"wpb_wrapper vc_figure\">\n\t\t\t<div class=\"vc_single_image-wrapper vc_box_shadow  vc_box_border_grey\"><img loading=\"lazy\" decoding=\"async\" width=\"167\" height=\"108\" src=\"https:\/\/wp.calmet.com\/wp-content\/uploads\/2017\/12\/quality-4.jpg\" class=\"vc_single_image-img attachment-full\" alt=\"quality-4\" title=\"Qualit\u00e4t-4\" \/><\/div>\n\t\t<\/figure>\n\t<\/div>\n<\/div><\/div><\/div><\/div>\n<\/div>","protected":false},"excerpt":{"rendered":"<p>Wir bieten hochpr\u00e4zise Teile in erstklassiger Qualit\u00e4t zu wettbewerbsf\u00e4higen Preisen. Die Qualit\u00e4t unserer Produkte gew\u00e4hrleisten wir durch modernste Pr\u00fcfeinrichtungen und unseren dreistufigen Qualit\u00e4tskontrollprozess.<\/p>","protected":false},"author":1,"featured_media":49,"parent":0,"menu_order":3,"comment_status":"closed","ping_status":"closed","template":"","meta":{"_acf_changed":false,"footnotes":""},"class_list":["post-211","page","type-page","status-publish","has-post-thumbnail","hentry"],"acf":[],"yoast_head":"<!-- This site is optimized with the Yoast SEO plugin v27.2 - https:\/\/yoast.com\/product\/yoast-seo-wordpress\/ -->\n<title>Quality Room - High Precision Parts Manufacturing | Machined Iron Casting Supplier<\/title>\n<meta name=\"description\" content=\"Calmet have State of the best quality room with the capacity to deliver high precision tools and moulds. Our aim to manufacturing and delivering the highest quality precision parts in all over world.\" \/>\n<meta name=\"robots\" content=\"index, follow, max-snippet:-1, max-image-preview:large, max-video-preview:-1\" \/>\n<link rel=\"canonical\" href=\"https:\/\/www.calmet.com\/quality-room\/\" \/>\n<meta name=\"twitter:label1\" content=\"Gesch\u00e4tzte Lesezeit\" \/>\n\t<meta name=\"twitter:data1\" content=\"2\u00a0Minuten\" \/>\n<script type=\"application\/ld+json\" class=\"yoast-schema-graph\">{\"@context\":\"https:\/\/schema.org\",\"@graph\":[{\"@type\":\"WebPage\",\"@id\":\"https:\/\/www.calmet.com\/quality-room\/\",\"url\":\"https:\/\/www.calmet.com\/quality-room\/\",\"name\":\"Quality Room - High Precision Parts Manufacturing | Machined Iron Casting Supplier\",\"isPartOf\":{\"@id\":\"https:\/\/www.calmet.com\/#website\"},\"primaryImageOfPage\":{\"@id\":\"https:\/\/www.calmet.com\/quality-room\/#primaryimage\"},\"image\":{\"@id\":\"https:\/\/www.calmet.com\/quality-room\/#primaryimage\"},\"thumbnailUrl\":\"https:\/\/wp.calmet.com\/wp-content\/uploads\/2017\/07\/home-banner-1.jpg\",\"datePublished\":\"2017-12-05T09:36:00+00:00\",\"dateModified\":\"2023-08-19T10:11:48+00:00\",\"description\":\"Calmet have State of the best quality room with the capacity to deliver high precision tools and moulds. Our aim to manufacturing and delivering the highest quality precision parts in all over world.\",\"breadcrumb\":{\"@id\":\"https:\/\/www.calmet.com\/quality-room\/#breadcrumb\"},\"inLanguage\":\"de\",\"potentialAction\":[{\"@type\":\"ReadAction\",\"target\":[\"https:\/\/www.calmet.com\/quality-room\/\"]}]},{\"@type\":\"ImageObject\",\"inLanguage\":\"de\",\"@id\":\"https:\/\/www.calmet.com\/quality-room\/#primaryimage\",\"url\":\"https:\/\/wp.calmet.com\/wp-content\/uploads\/2017\/07\/home-banner-1.jpg\",\"contentUrl\":\"https:\/\/wp.calmet.com\/wp-content\/uploads\/2017\/07\/home-banner-1.jpg\",\"width\":1920,\"height\":600,\"caption\":\"home-banner\"},{\"@type\":\"BreadcrumbList\",\"@id\":\"https:\/\/www.calmet.com\/quality-room\/#breadcrumb\",\"itemListElement\":[{\"@type\":\"ListItem\",\"position\":1,\"name\":\"Home\",\"item\":\"https:\/\/wp.calmet.com\/\"},{\"@type\":\"ListItem\",\"position\":2,\"name\":\"Quality Room\"}]},{\"@type\":\"WebSite\",\"@id\":\"https:\/\/www.calmet.com\/#website\",\"url\":\"https:\/\/www.calmet.com\/\",\"name\":\"Calmet.com\",\"description\":\"\",\"publisher\":{\"@id\":\"https:\/\/www.calmet.com\/#organization\"},\"potentialAction\":[{\"@type\":\"SearchAction\",\"target\":{\"@type\":\"EntryPoint\",\"urlTemplate\":\"https:\/\/www.calmet.com\/?s={search_term_string}\"},\"query-input\":{\"@type\":\"PropertyValueSpecification\",\"valueRequired\":true,\"valueName\":\"search_term_string\"}}],\"inLanguage\":\"de\"},{\"@type\":\"Organization\",\"@id\":\"https:\/\/www.calmet.com\/#organization\",\"name\":\"Calmet\",\"url\":\"https:\/\/www.calmet.com\/\",\"logo\":{\"@type\":\"ImageObject\",\"inLanguage\":\"de\",\"@id\":\"https:\/\/www.calmet.com\/#\/schema\/logo\/image\/\",\"url\":\"https:\/\/wp.calmet.com\/wp-content\/uploads\/2025\/12\/calmet-logo-1.png\",\"contentUrl\":\"https:\/\/wp.calmet.com\/wp-content\/uploads\/2025\/12\/calmet-logo-1.png\",\"width\":210,\"height\":42,\"caption\":\"Calmet\"},\"image\":{\"@id\":\"https:\/\/www.calmet.com\/#\/schema\/logo\/image\/\"}}]}<\/script>\n<!-- \/ Yoast SEO plugin. -->","yoast_head_json":{"title":"Quality Room - High Precision Parts Manufacturing | Machined Iron Casting Supplier","description":"Calmet have State of the best quality room with the capacity to deliver high precision tools and moulds. Our aim to manufacturing and delivering the highest quality precision parts in all over world.","robots":{"index":"index","follow":"follow","max-snippet":"max-snippet:-1","max-image-preview":"max-image-preview:large","max-video-preview":"max-video-preview:-1"},"canonical":"https:\/\/www.calmet.com\/quality-room\/","twitter_misc":{"Gesch\u00e4tzte Lesezeit":"2\u00a0Minuten"},"schema":{"@context":"https:\/\/schema.org","@graph":[{"@type":"WebPage","@id":"https:\/\/www.calmet.com\/quality-room\/","url":"https:\/\/www.calmet.com\/quality-room\/","name":"Quality Room - High Precision Parts Manufacturing | Machined Iron Casting Supplier","isPartOf":{"@id":"https:\/\/www.calmet.com\/#website"},"primaryImageOfPage":{"@id":"https:\/\/www.calmet.com\/quality-room\/#primaryimage"},"image":{"@id":"https:\/\/www.calmet.com\/quality-room\/#primaryimage"},"thumbnailUrl":"https:\/\/wp.calmet.com\/wp-content\/uploads\/2017\/07\/home-banner-1.jpg","datePublished":"2017-12-05T09:36:00+00:00","dateModified":"2023-08-19T10:11:48+00:00","description":"Calmet have State of the best quality room with the capacity to deliver high precision tools and moulds. Our aim to manufacturing and delivering the highest quality precision parts in all over world.","breadcrumb":{"@id":"https:\/\/www.calmet.com\/quality-room\/#breadcrumb"},"inLanguage":"de","potentialAction":[{"@type":"ReadAction","target":["https:\/\/www.calmet.com\/quality-room\/"]}]},{"@type":"ImageObject","inLanguage":"de","@id":"https:\/\/www.calmet.com\/quality-room\/#primaryimage","url":"https:\/\/wp.calmet.com\/wp-content\/uploads\/2017\/07\/home-banner-1.jpg","contentUrl":"https:\/\/wp.calmet.com\/wp-content\/uploads\/2017\/07\/home-banner-1.jpg","width":1920,"height":600,"caption":"home-banner"},{"@type":"BreadcrumbList","@id":"https:\/\/www.calmet.com\/quality-room\/#breadcrumb","itemListElement":[{"@type":"ListItem","position":1,"name":"Home","item":"https:\/\/wp.calmet.com\/"},{"@type":"ListItem","position":2,"name":"Quality Room"}]},{"@type":"WebSite","@id":"https:\/\/www.calmet.com\/#website","url":"https:\/\/www.calmet.com\/","name":"Calmet.com","description":"","publisher":{"@id":"https:\/\/www.calmet.com\/#organization"},"potentialAction":[{"@type":"SearchAction","target":{"@type":"EntryPoint","urlTemplate":"https:\/\/www.calmet.com\/?s={search_term_string}"},"query-input":{"@type":"PropertyValueSpecification","valueRequired":true,"valueName":"search_term_string"}}],"inLanguage":"de"},{"@type":"Organization","@id":"https:\/\/www.calmet.com\/#organization","name":"Calmet","url":"https:\/\/www.calmet.com\/","logo":{"@type":"ImageObject","inLanguage":"de","@id":"https:\/\/www.calmet.com\/#\/schema\/logo\/image\/","url":"https:\/\/wp.calmet.com\/wp-content\/uploads\/2025\/12\/calmet-logo-1.png","contentUrl":"https:\/\/wp.calmet.com\/wp-content\/uploads\/2025\/12\/calmet-logo-1.png","width":210,"height":42,"caption":"Calmet"},"image":{"@id":"https:\/\/www.calmet.com\/#\/schema\/logo\/image\/"}}]}},"_links":{"self":[{"href":"https:\/\/wp.calmet.com\/de\/wp-json\/wp\/v2\/pages\/211","targetHints":{"allow":["GET"]}}],"collection":[{"href":"https:\/\/wp.calmet.com\/de\/wp-json\/wp\/v2\/pages"}],"about":[{"href":"https:\/\/wp.calmet.com\/de\/wp-json\/wp\/v2\/types\/page"}],"author":[{"embeddable":true,"href":"https:\/\/wp.calmet.com\/de\/wp-json\/wp\/v2\/users\/1"}],"replies":[{"embeddable":true,"href":"https:\/\/wp.calmet.com\/de\/wp-json\/wp\/v2\/comments?post=211"}],"version-history":[{"count":10,"href":"https:\/\/wp.calmet.com\/de\/wp-json\/wp\/v2\/pages\/211\/revisions"}],"predecessor-version":[{"id":1409,"href":"https:\/\/wp.calmet.com\/de\/wp-json\/wp\/v2\/pages\/211\/revisions\/1409"}],"wp:featuredmedia":[{"embeddable":true,"href":"https:\/\/wp.calmet.com\/de\/wp-json\/wp\/v2\/media\/49"}],"wp:attachment":[{"href":"https:\/\/wp.calmet.com\/de\/wp-json\/wp\/v2\/media?parent=211"}],"curies":[{"name":"wp","href":"https:\/\/api.w.org\/{rel}","templated":true}]}}