{"id":2411,"date":"2024-08-03T12:25:39","date_gmt":"2024-08-03T12:25:39","guid":{"rendered":"https:\/\/wp.calmet.com\/?page_id=2411"},"modified":"2025-04-24T08:00:48","modified_gmt":"2025-04-24T08:00:48","slug":"services","status":"publish","type":"page","link":"https:\/\/wp.calmet.com\/de\/services\/","title":{"rendered":"Dienstleistungen"},"content":{"rendered":"<div class=\"wpb-content-wrapper\"><div id=\"servicesid\" class=\"vc_row wpb_row vc_row-fluid\"><div class=\"wpb_column vc_column_container vc_col-sm-12\"><div class=\"vc_column-inner\"><div class=\"wpb_wrapper\"><h2 style=\"text-align: left;font-family:Abril Fatface;font-weight:400;font-style:normal\" class=\"vc_custom_heading vc_do_custom_heading\" >Dienstleistungen<\/h2><\/div><\/div><\/div><\/div><div id=\"TechnicalAssistance\" class=\"vc_row wpb_row vc_row-fluid\"><div class=\"wpb_column vc_column_container vc_col-sm-12\"><div class=\"vc_column-inner\"><div class=\"wpb_wrapper\">\n\t<div class=\"wpb_text_column wpb_content_element\" >\n\t\t<div class=\"wpb_wrapper\">\n\t\t\t<h4 class=\"vc_custom_heading\" style=\"font-size: 24px; color: #008bca; text-align: left;\">Technische Unterst\u00fctzung<\/h4>\n<p>Ben\u00f6tigen Sie Gussteile direkt ab der Konstruktionsphase? Calmet verf\u00fcgt \u00fcber das n\u00f6tige Know-how und die Erfahrung, um Sie bei all Ihren Gussanforderungen zu unterst\u00fctzen \u2013 von der Konzeption bis zum fertigen Produkt. Dank unserer Fertigungskapazit\u00e4ten im eigenen Werk und unseres Netzwerks bietet Calmet Ihnen alles aus einer Hand: kurze Lieferzeiten zu wettbewerbsf\u00e4higen Preisen.<\/p>\n\n\t\t<\/div>\n\t<\/div>\n<div class=\"vc_row wpb_row vc_inner vc_row-fluid\"><div class=\"wpb_column vc_column_container vc_col-sm-12\"><div class=\"vc_column-inner\"><div class=\"wpb_wrapper\">\n\t<div class=\"wpb_raw_code wpb_raw_html wpb_content_element\" >\n\t\t<div class=\"wpb_wrapper\">\n\t\t\t<style>.col-md-4 img{width:100%;}<\/style>\n<div class=\"row\">\n\n<!-- <div class=\"col-md-12\">\n<h4 style=\"font-size: 24px;color: #008bca;text-align: left\" >Iron Castings <\/h4>\n<\/div> -->\n\n<div class=\"col-md-4\">\n<img decoding=\"async\" src=\"https:\/\/www.calmet.com\/wp-content\/uploads\/2024\/08\/engineering-design-images.png\">\n<center><h4>Konstruktion und Design<\/h4><\/center>\n<\/div>\n\n<div class=\"col-md-4\">\n<img decoding=\"async\" src=\"https:\/\/www.calmet.com\/wp-content\/uploads\/2024\/08\/2d-3d-drawing-images.png\">\n<center><h4>2D-Zeichnungen &amp; 3D-Modellierung<\/h4><\/center>\n<\/div>\n\n<div class=\"col-md-4\">\n<img decoding=\"async\" src=\"https:\/\/www.calmet.com\/wp-content\/uploads\/2024\/08\/pattern-making-images.png\">\n<center><h4>Schnittmuster- und Kernherstellung<\/h4><\/center>\n<\/div>\n\n<div class=\"col-md-4\">\n<img decoding=\"async\" src=\"https:\/\/www.calmet.com\/wp-content\/uploads\/2024\/08\/reverse-engineering-images.png\">\n<center><h4>Reverse Engineering<\/h4><\/center>\n<\/div>\n\n<div class=\"col-md-4\">\n<img decoding=\"async\" src=\"https:\/\/www.calmet.com\/wp-content\/uploads\/2024\/08\/tools-fixture-images.png\">\n<center><h4>Werkzeugvorrichtung und Konstruktion<\/h4><\/center>\n<\/div>\n\n<div class=\"col-md-4\">\n<img decoding=\"async\" src=\"https:\/\/www.calmet.com\/wp-content\/uploads\/2024\/08\/material-selection-images.png\">\n<center><h4>Materialauswahl<\/h4><\/center>\n<\/div>\n\n<div class=\"col-md-4\">\n<img decoding=\"async\" src=\"https:\/\/www.calmet.com\/wp-content\/uploads\/2024\/08\/process-selection-images.png\">\n<center><h4>Prozessauswahl<\/h4><\/center>\n<\/div>\n\n<div class=\"col-md-4\">\n<img decoding=\"async\" src=\"https:\/\/www.calmet.com\/wp-content\/uploads\/2024\/08\/special-treats-images.png\">\n<center><h4>Spezielle Behandlungen<\/h4><\/center>\n<\/div>\n\n<div class=\"col-md-4\">\n<img decoding=\"async\" src=\"https:\/\/www.calmet.com\/wp-content\/uploads\/2024\/08\/quality-assurance-images.png\">\n<center><h4>Qualit\u00e4tssicherung<\/h4><\/center>\n<\/div>\n\n<\/div>\n\t\t<\/div>\n\t<\/div>\n<\/div><\/div><\/div><div class=\"wpb_column vc_column_container vc_col-sm-12\"><div class=\"vc_column-inner\"><div class=\"wpb_wrapper\">\n\t<div class=\"wpb_text_column wpb_content_element\" >\n\t\t<div class=\"wpb_wrapper\">\n\t\t\t<p id=\"technicalAssistanceText\" align=\"justify\">Wir bieten Ihnen au\u00dferdem Mehrwertdienste wie Montage und Vormontage, um Ihnen Komplettl\u00f6sungen zu liefern. Unsere erfahrenen Techniker montieren und integrieren Gussteile pr\u00e4zise mit anderen Komponenten gem\u00e4\u00df Ihren Vorgaben.<\/p>\n\n\t\t<\/div>\n\t<\/div>\n<\/div><\/div><\/div><\/div><\/div><\/div><\/div><\/div><div class=\"vc_row wpb_row vc_row-fluid\"><div class=\"wpb_column vc_column_container vc_col-sm-12\"><div class=\"vc_column-inner\"><div class=\"wpb_wrapper\"><div class=\"vc_row wpb_row vc_inner vc_row-fluid\"><div class=\"wpb_column vc_column_container vc_col-sm-12\"><div class=\"vc_column-inner\"><div class=\"wpb_wrapper\">\n\t<div class=\"wpb_text_column wpb_content_element\" >\n\t\t<div class=\"wpb_wrapper\">\n\t\t\t<h4 id=\"SupplyChainManagement\" class=\"vc_custom_heading\" style=\"font-size: 24px; color: #008bca; text-align: left;\">Management der Lieferkette<\/h4>\n<p>Mit rund 30 Jahren Erfahrung wissen wir, wie wichtig ein effizientes und reibungsloses Lieferkettenmanagement ist, um die Anforderungen unserer Kunden optimal zu erf\u00fcllen. Unsere Niederlassungen und Experten in Indien und China gew\u00e4hrleisten, dass alle Produkte gem\u00e4\u00df den Kundenvorgaben gefertigt und termingerecht geliefert werden.<\/p>\n\n\t\t<\/div>\n\t<\/div>\n\n\t<div class=\"wpb_raw_code wpb_raw_html wpb_content_element\" >\n\t\t<div class=\"wpb_wrapper\">\n\t\t\t<style>\n.img2 .col-md-4 img{\nwidth:100%;\n max-width: 356px;\npadding-bottom:15px;\n}\n.img2 .col-md-4 h4{\n  font-size:18px;\n}\n<\/style>\n\n<div class=\"row img2\">\n<div class=\"col-md-4\">\n<img decoding=\"async\" src=\"https:\/\/www.calmet.com\/wp-content\/uploads\/2024\/08\/supply-chain-management-images.png\">\n<br>\n<\/div>\n\n<div class=\"col-md-4\">\n<img decoding=\"async\" src=\"https:\/\/www.calmet.com\/wp-content\/uploads\/2024\/08\/supply-chain-images-calmet.png\">\n<br>\n<\/div>\n\n<div class=\"col-md-4\">\n<img decoding=\"async\" src=\"https:\/\/www.calmet.com\/wp-content\/uploads\/2024\/08\/calmet-supply-chain-images.png\">\n<br>\n<\/div>\n<\/div>\n\t\t<\/div>\n\t<\/div>\n<\/div><\/div><\/div><\/div><div class=\"vc_row wpb_row vc_inner vc_row-fluid\"><div class=\"wpb_column vc_column_container vc_col-sm-4\"><div class=\"vc_column-inner\"><div class=\"wpb_wrapper\">\n\t<div class=\"wpb_raw_code wpb_raw_html wpb_content_element\" >\n\t\t<div class=\"wpb_wrapper\">\n\t\t\t<div class=\"st-box\" style=\"height:220px;\">\n<h4><b>Echtzeit-Tracking:<\/b><\/h4>\n<p>Unser SCM-System bietet Transparenz \u00fcber Materialien und Produkte entlang der gesamten Lieferkette, um Lagerbest\u00e4nde, Produktionsfortschritte und Lieferstatus zu \u00fcberwachen. Dies f\u00fchrt zu besseren Entscheidungen und einem verbesserten Kundenservice.<\/p><\/div>\n\t\t<\/div>\n\t<\/div>\n<\/div><\/div><\/div><div class=\"wpb_column vc_column_container vc_col-sm-4\"><div class=\"vc_column-inner\"><div class=\"wpb_wrapper\">\n\t<div class=\"wpb_raw_code wpb_raw_html wpb_content_element\" >\n\t\t<div class=\"wpb_wrapper\">\n\t\t\t<div class=\"st-box\" style=\"height:220px;\">\n<h4><b>Lagerhaltung und Aufbewahrung:<\/b><\/h4>\n<p>Calmet verf\u00fcgt \u00fcber Lager an mehreren Standorten in den USA und Kanada, um eine schnellere Lieferung an Ihre Standorte zu gew\u00e4hrleisten. Wir k\u00f6nnen Ihre Teile bis zu drei Monate im Voraus in unseren Lagern vorhalten, um Just-in-Time-Lieferungen zu erm\u00f6glichen.<\/p><\/div>\n\t\t<\/div>\n\t<\/div>\n<\/div><\/div><\/div><div class=\"wpb_column vc_column_container vc_col-sm-4\"><div class=\"vc_column-inner\"><div class=\"wpb_wrapper\">\n\t<div class=\"wpb_raw_code wpb_raw_html wpb_content_element\" >\n\t\t<div class=\"wpb_wrapper\">\n\t\t\t<div class=\"st-box\" style=\"height:220px;\">\n<h4><b>Zollkonformit\u00e4t:<\/b><\/h4>\n<p>Unsere Logistikexperten halten sich stets \u00fcber die neuesten Zollbestimmungen auf dem Laufenden, um reibungslose Import- und Exportprozesse zu gew\u00e4hrleisten.\n<\/p><\/div>\n\t\t<\/div>\n\t<\/div>\n<\/div><\/div><\/div><\/div>\n\t<div class=\"wpb_text_column wpb_content_element\" >\n\t\t<div class=\"wpb_wrapper\">\n\t\t\t<p>Mit einem robusten SCM-System gew\u00e4hrleisten wir einen zuverl\u00e4ssigen und zeitnahen Zugriff auf Rohstoffe, eine effiziente Produktionsplanung und die p\u00fcnktliche Lieferung von Fertigprodukten mit dem Ziel, unseren Kunden ein hervorragendes Einkaufserlebnis zu bieten.<\/p>\n\n\t\t<\/div>\n\t<\/div>\n<\/div><\/div><\/div><\/div>\n<\/div>","protected":false},"excerpt":{"rendered":"Services Technical Assistance Do you need a part casted right from the design stage? Calmet has the knowledge and expertise to help you with all your castings requirements, from concept to finished product.\u00a0 With the manufacturing capabilities at our own shop and through our network, Calmet is a \u201cone stop shop\u201d for quick turnaround times [...]","protected":false},"author":1,"featured_media":0,"parent":0,"menu_order":0,"comment_status":"closed","ping_status":"closed","template":"","meta":{"_acf_changed":false,"footnotes":""},"class_list":["post-2411","page","type-page","status-publish","hentry"],"acf":[],"yoast_head":"<!-- This site is optimized with the Yoast SEO plugin v27.2 - https:\/\/yoast.com\/product\/yoast-seo-wordpress\/ -->\n<title>Services - Calmet<\/title>\n<meta name=\"description\" content=\"Calmet offers Supply Chain Management, Technical Assistance &amp; Customer relationship management (CRM) services with just in time to customers. We are the best Iron Casting Manufacturer in USA.\" \/>\n<meta name=\"robots\" content=\"index, follow, max-snippet:-1, max-image-preview:large, max-video-preview:-1\" \/>\n<link rel=\"canonical\" href=\"https:\/\/www.calmet.com\/services\/\" \/>\n<meta name=\"twitter:label1\" content=\"Gesch\u00e4tzte Lesezeit\" \/>\n\t<meta name=\"twitter:data1\" content=\"4\u00a0Minuten\" \/>\n<script type=\"application\/ld+json\" class=\"yoast-schema-graph\">{\"@context\":\"https:\/\/schema.org\",\"@graph\":[{\"@type\":\"WebPage\",\"@id\":\"https:\/\/www.calmet.com\/services\/\",\"url\":\"https:\/\/www.calmet.com\/services\/\",\"name\":\"Services - Calmet\",\"isPartOf\":{\"@id\":\"https:\/\/www.calmet.com\/#website\"},\"datePublished\":\"2024-08-03T12:25:39+00:00\",\"dateModified\":\"2025-04-24T08:00:48+00:00\",\"description\":\"Calmet offers Supply Chain Management, Technical Assistance & Customer relationship management (CRM) services with just in time to customers. We are the best Iron Casting Manufacturer in USA.\",\"breadcrumb\":{\"@id\":\"https:\/\/www.calmet.com\/services\/#breadcrumb\"},\"inLanguage\":\"de\",\"potentialAction\":[{\"@type\":\"ReadAction\",\"target\":[\"https:\/\/www.calmet.com\/services\/\"]}]},{\"@type\":\"BreadcrumbList\",\"@id\":\"https:\/\/www.calmet.com\/services\/#breadcrumb\",\"itemListElement\":[{\"@type\":\"ListItem\",\"position\":1,\"name\":\"Home\",\"item\":\"https:\/\/wp.calmet.com\/\"},{\"@type\":\"ListItem\",\"position\":2,\"name\":\"Services\"}]},{\"@type\":\"WebSite\",\"@id\":\"https:\/\/www.calmet.com\/#website\",\"url\":\"https:\/\/www.calmet.com\/\",\"name\":\"Calmet.com\",\"description\":\"\",\"publisher\":{\"@id\":\"https:\/\/www.calmet.com\/#organization\"},\"potentialAction\":[{\"@type\":\"SearchAction\",\"target\":{\"@type\":\"EntryPoint\",\"urlTemplate\":\"https:\/\/www.calmet.com\/?s={search_term_string}\"},\"query-input\":{\"@type\":\"PropertyValueSpecification\",\"valueRequired\":true,\"valueName\":\"search_term_string\"}}],\"inLanguage\":\"de\"},{\"@type\":\"Organization\",\"@id\":\"https:\/\/www.calmet.com\/#organization\",\"name\":\"Calmet\",\"url\":\"https:\/\/www.calmet.com\/\",\"logo\":{\"@type\":\"ImageObject\",\"inLanguage\":\"de\",\"@id\":\"https:\/\/www.calmet.com\/#\/schema\/logo\/image\/\",\"url\":\"https:\/\/wp.calmet.com\/wp-content\/uploads\/2025\/12\/calmet-logo-1.png\",\"contentUrl\":\"https:\/\/wp.calmet.com\/wp-content\/uploads\/2025\/12\/calmet-logo-1.png\",\"width\":210,\"height\":42,\"caption\":\"Calmet\"},\"image\":{\"@id\":\"https:\/\/www.calmet.com\/#\/schema\/logo\/image\/\"}}]}<\/script>\n<!-- \/ Yoast SEO plugin. -->","yoast_head_json":{"title":"Services - Calmet","description":"Calmet offers Supply Chain Management, Technical Assistance & Customer relationship management (CRM) services with just in time to customers. We are the best Iron Casting Manufacturer in USA.","robots":{"index":"index","follow":"follow","max-snippet":"max-snippet:-1","max-image-preview":"max-image-preview:large","max-video-preview":"max-video-preview:-1"},"canonical":"https:\/\/www.calmet.com\/services\/","twitter_misc":{"Gesch\u00e4tzte Lesezeit":"4\u00a0Minuten"},"schema":{"@context":"https:\/\/schema.org","@graph":[{"@type":"WebPage","@id":"https:\/\/www.calmet.com\/services\/","url":"https:\/\/www.calmet.com\/services\/","name":"Services - Calmet","isPartOf":{"@id":"https:\/\/www.calmet.com\/#website"},"datePublished":"2024-08-03T12:25:39+00:00","dateModified":"2025-04-24T08:00:48+00:00","description":"Calmet offers Supply Chain Management, Technical Assistance & Customer relationship management (CRM) services with just in time to customers. We are the best Iron Casting Manufacturer in USA.","breadcrumb":{"@id":"https:\/\/www.calmet.com\/services\/#breadcrumb"},"inLanguage":"de","potentialAction":[{"@type":"ReadAction","target":["https:\/\/www.calmet.com\/services\/"]}]},{"@type":"BreadcrumbList","@id":"https:\/\/www.calmet.com\/services\/#breadcrumb","itemListElement":[{"@type":"ListItem","position":1,"name":"Home","item":"https:\/\/wp.calmet.com\/"},{"@type":"ListItem","position":2,"name":"Services"}]},{"@type":"WebSite","@id":"https:\/\/www.calmet.com\/#website","url":"https:\/\/www.calmet.com\/","name":"Calmet.com","description":"","publisher":{"@id":"https:\/\/www.calmet.com\/#organization"},"potentialAction":[{"@type":"SearchAction","target":{"@type":"EntryPoint","urlTemplate":"https:\/\/www.calmet.com\/?s={search_term_string}"},"query-input":{"@type":"PropertyValueSpecification","valueRequired":true,"valueName":"search_term_string"}}],"inLanguage":"de"},{"@type":"Organization","@id":"https:\/\/www.calmet.com\/#organization","name":"Calmet","url":"https:\/\/www.calmet.com\/","logo":{"@type":"ImageObject","inLanguage":"de","@id":"https:\/\/www.calmet.com\/#\/schema\/logo\/image\/","url":"https:\/\/wp.calmet.com\/wp-content\/uploads\/2025\/12\/calmet-logo-1.png","contentUrl":"https:\/\/wp.calmet.com\/wp-content\/uploads\/2025\/12\/calmet-logo-1.png","width":210,"height":42,"caption":"Calmet"},"image":{"@id":"https:\/\/www.calmet.com\/#\/schema\/logo\/image\/"}}]}},"_links":{"self":[{"href":"https:\/\/wp.calmet.com\/de\/wp-json\/wp\/v2\/pages\/2411","targetHints":{"allow":["GET"]}}],"collection":[{"href":"https:\/\/wp.calmet.com\/de\/wp-json\/wp\/v2\/pages"}],"about":[{"href":"https:\/\/wp.calmet.com\/de\/wp-json\/wp\/v2\/types\/page"}],"author":[{"embeddable":true,"href":"https:\/\/wp.calmet.com\/de\/wp-json\/wp\/v2\/users\/1"}],"replies":[{"embeddable":true,"href":"https:\/\/wp.calmet.com\/de\/wp-json\/wp\/v2\/comments?post=2411"}],"version-history":[{"count":18,"href":"https:\/\/wp.calmet.com\/de\/wp-json\/wp\/v2\/pages\/2411\/revisions"}],"predecessor-version":[{"id":2452,"href":"https:\/\/wp.calmet.com\/de\/wp-json\/wp\/v2\/pages\/2411\/revisions\/2452"}],"wp:attachment":[{"href":"https:\/\/wp.calmet.com\/de\/wp-json\/wp\/v2\/media?parent=2411"}],"curies":[{"name":"wp","href":"https:\/\/api.w.org\/{rel}","templated":true}]}}