{"id":752,"date":"2017-12-16T05:36:25","date_gmt":"2017-12-16T05:36:25","guid":{"rendered":"http:\/\/avanexa.in\/calmet\/?page_id=752"},"modified":"2025-08-01T11:20:54","modified_gmt":"2025-08-01T11:20:54","slug":"logistics-facilities","status":"publish","type":"page","link":"https:\/\/wp.calmet.com\/de\/logistics-facilities\/","title":{"rendered":"Logistische Einrichtungen"},"content":{"rendered":"<div class=\"wpb-content-wrapper\"><div class=\"vc_row wpb_row vc_row-fluid\"><div class=\"wpb_column vc_column_container vc_col-sm-12\"><div class=\"vc_column-inner\"><div class=\"wpb_wrapper\"><h1 style=\"font-size: 24px;color: #008bca;text-align: left\" class=\"vc_custom_heading vc_do_custom_heading found\" >Logistische Einrichtungen<\/h1><div class=\"vc_empty_space\"   style=\"height: 12px\"><span class=\"vc_empty_space_inner\"><\/span><\/div>\n\t<div class=\"wpb_text_column wpb_content_element\" >\n\t\t<div class=\"wpb_wrapper\">\n\t\t\t<p>Wir streben nach zuverl\u00e4ssigen Lieferungen durch intelligente Planung, konsequente Einkaufspolitik, sinnvolle Zuteilung der Produktionskapazit\u00e4ten und st\u00e4ndige Wachsamkeit.<\/p>\n<p>Zuverl\u00e4ssige Lieferungen h\u00e4ngen von vielen Faktoren ab, darunter Qualit\u00e4tssicherungsverfahren, die Einstellung der Mitarbeiter, Prozesskontrollen und die allgemeine Ordnung und Sauberkeit in der Gie\u00dferei. CALMET besucht die Produktionsst\u00e4tten regelm\u00e4\u00dfig, um diese Faktoren zu \u00fcberwachen.<\/p>\n<p>CALMET pr\u00fcft die Arbeitsleistung jedes Lieferanten sorgf\u00e4ltig, indem die Gussst\u00fccke durch die Endbearbeitung bis zum Versandbereich laufen. Wir arbeiten mit Ihnen zusammen, um Lieferengp\u00e4sse wie unzureichende oder falsche Preisgestaltung, Lieferzeiten, Modellausr\u00fcstung und Transportplanung zu beseitigen.<\/p>\n<p>Wir bieten unseren Kunden in den USA, Kanada und Gro\u00dfbritannien\/Europa Lagerkapazit\u00e4ten an, um ihre Anforderungen termingerecht zu erf\u00fcllen.<\/p>\n\n\t\t<\/div>\n\t<\/div>\n\n\t<div class=\"wpb_text_column wpb_content_element\" >\n\t\t<div class=\"wpb_wrapper\">\n\t\t\t\n\t\t<\/div>\n\t<\/div>\n<\/div><\/div><\/div><\/div><div class=\"vc_row wpb_row vc_row-fluid\"><div class=\"wpb_column vc_column_container vc_col-sm-6\"><div class=\"vc_column-inner\"><div class=\"wpb_wrapper\"><div class=\"vc_empty_space\"   style=\"height: 22px\"><span class=\"vc_empty_space_inner\"><\/span><\/div>\n\t<div class=\"wpb_text_column wpb_content_element\" >\n\t\t<div class=\"wpb_wrapper\">\n\t\t\t<ul class=\"classy\">\n<li><i class=\"fa fa-circle\" aria-hidden=\"true\"><\/i> Seelogistik<\/li>\n<li><i class=\"fa fa-circle\" aria-hidden=\"true\"><\/i> Luftfrachtlogistik<\/li>\n<li><i class=\"fa fa-circle\" aria-hidden=\"true\"><\/i> Landtransport<\/li>\n<li><i class=\"fa fa-circle\" aria-hidden=\"true\"><\/i> Zollabfertigung<\/li>\n<li><i class=\"fa fa-circle\" aria-hidden=\"true\"><\/i> Gesetzliche Einreichung<\/li>\n<\/ul>\n\n\t\t<\/div>\n\t<\/div>\n<\/div><\/div><\/div><div class=\"wpb_column vc_column_container vc_col-sm-6\"><div class=\"vc_column-inner\"><div class=\"wpb_wrapper\">\n\t<div  class=\"wpb_single_image wpb_content_element vc_align_left wpb_content_element\">\n\t\t\n\t\t<figure class=\"wpb_wrapper vc_figure\">\n\t\t\t<div class=\"vc_single_image-wrapper   vc_box_border_grey\"><img loading=\"lazy\" decoding=\"async\" width=\"322\" height=\"288\" src=\"https:\/\/wp.calmet.com\/wp-content\/uploads\/2017\/12\/logistics-facilities-india.jpg\" class=\"vc_single_image-img attachment-full\" alt=\"Logistics Facilities India\" title=\"Logistikeinrichtungen Indien\" srcset=\"https:\/\/wp.calmet.com\/wp-content\/uploads\/2017\/12\/logistics-facilities-india.jpg 322w, https:\/\/wp.calmet.com\/wp-content\/uploads\/2017\/12\/logistics-facilities-india-300x268.jpg 300w\" sizes=\"auto, (max-width: 322px) 100vw, 322px\" \/><\/div>\n\t\t<\/figure>\n\t<\/div>\n<\/div><\/div><\/div><\/div><div class=\"vc_row wpb_row vc_row-fluid\"><div class=\"wpb_column vc_column_container vc_col-sm-12\"><div class=\"vc_column-inner\"><div class=\"wpb_wrapper\">\n\t<div class=\"wpb_text_column wpb_content_element panjama\" >\n\t\t<div class=\"wpb_wrapper\">\n\t\t\t<table class=\"srvBrd table-bordered\" width=\"100%\">\n<tbody>\n<tr>\n<td rowspan=\"5\" valign=\"top\"><a href=\"https:\/\/wp.calmet.com\/de\/\"><img loading=\"lazy\" decoding=\"async\" class=\"alignnone\" src=\"https:\/\/wp.calmet.com\/wp-content\/uploads\/2017\/12\/img_us.jpg\" alt=\"Cast Iron Manufacturers\" width=\"479\" height=\"371\" border=\"0\" \/><\/a><\/td>\n<td class=\"txtingb\" style=\"font-weight: 600; color: #008bca;\" rowspan=\"2\" width=\"20%\">KATEGORIE<\/td>\n<td colspan=\"2\" align=\"center\">\n<div class=\"txtingb\" style=\"font-weight: 600; color: #008bca;\" align=\"center\">Transitzeit von<\/div>\n<\/td>\n<\/tr>\n<tr>\n<td width=\"12%\">\n<div class=\"txtingb\" style=\"font-weight: 600; color: #008bca;\" align=\"center\">INDIEN<\/div>\n<\/td>\n<td width=\"10%\">\n<div class=\"txtingb\" style=\"font-weight: 600; color: #008bca;\" align=\"center\">CHINA<\/div>\n<\/td>\n<\/tr>\n<tr>\n<td class=\"txtingb\">LCL<\/td>\n<td class=\"txtingb\">5 Wochen<\/td>\n<td class=\"txtingb\">4 Wochen<\/td>\n<\/tr>\n<tr>\n<td class=\"txtingb\">FCL<\/td>\n<td class=\"txtingb\">4 Wochen<\/td>\n<td class=\"txtingb\">4 Wochen<\/td>\n<\/tr>\n<tr>\n<td class=\"txtingb\">Eingangshafen zum Lager<\/td>\n<td class=\"txtingb\">+2 Wochen<\/td>\n<td class=\"txtingb\">+2 Wochen<\/td>\n<\/tr>\n<\/tbody>\n<\/table>\n\n\t\t<\/div>\n\t<\/div>\n<\/div><\/div><\/div><\/div><div class=\"vc_row wpb_row vc_row-fluid\"><div class=\"wpb_column vc_column_container vc_col-sm-12\"><div class=\"vc_column-inner\"><div class=\"wpb_wrapper\">\n\t<div class=\"wpb_text_column wpb_content_element panjama\" >\n\t\t<div class=\"wpb_wrapper\">\n\t\t\t<table class=\"srvBrd table-bordered\" width=\"100%\">\n<tbody>\n<tr>\n<td rowspan=\"5\" valign=\"top\"><a href=\"https:\/\/wp.calmet.com\/de\/\"><img loading=\"lazy\" decoding=\"async\" class=\"alignnone\" src=\"https:\/\/wp.calmet.com\/wp-content\/uploads\/2017\/12\/img_canada.jpg\" alt=\"Cast Iron Companies in Chicago\" width=\"469\" height=\"360\" border=\"0\" \/><\/a><\/td>\n<td class=\"txtingb\" style=\"font-weight: 600; color: #008bca;\" rowspan=\"2\" width=\"20%\">KATEGORIE<\/td>\n<td colspan=\"2\" align=\"center\">\n<div class=\"txtingb\" style=\"font-weight: 600; color: #008bca;\" align=\"center\">Transitzeit von<\/div>\n<\/td>\n<\/tr>\n<tr>\n<td width=\"12%\">\n<div class=\"txtingb\" style=\"font-weight: 600; color: #008bca;\" align=\"center\">INDIEN<\/div>\n<\/td>\n<td width=\"10%\">\n<div class=\"txtingb\" style=\"font-weight: 600; color: #008bca;\" align=\"center\">CHINA<\/div>\n<\/td>\n<\/tr>\n<tr>\n<td class=\"txtingb\">LCL<\/td>\n<td class=\"txtingb\">5 Wochen<\/td>\n<td class=\"txtingb\">4 Wochen<\/td>\n<\/tr>\n<tr>\n<td class=\"txtingb\">FCL<\/td>\n<td class=\"txtingb\">4 Wochen<\/td>\n<td class=\"txtingb\">4 Wochen<\/td>\n<\/tr>\n<tr>\n<td class=\"txtingb\">Eingangshafen zum Lager<\/td>\n<td class=\"txtingb\">+2 Wochen<\/td>\n<td class=\"txtingb\">+2 Wochen<\/td>\n<\/tr>\n<\/tbody>\n<\/table>\n\n\t\t<\/div>\n\t<\/div>\n<\/div><\/div><\/div><\/div><div class=\"vc_row wpb_row vc_row-fluid\"><div class=\"wpb_column vc_column_container vc_col-sm-12\"><div class=\"vc_column-inner\"><div class=\"wpb_wrapper\">\n\t<div class=\"wpb_text_column wpb_content_element panjama\" >\n\t\t<div class=\"wpb_wrapper\">\n\t\t\t<table class=\"srvBrd table-bordered\" width=\"100%\">\n<tbody>\n<tr>\n<td rowspan=\"5\" valign=\"top\"><a href=\"https:\/\/wp.calmet.com\/de\/\"><img loading=\"lazy\" decoding=\"async\" class=\"alignnone\" src=\"https:\/\/wp.calmet.com\/wp-content\/uploads\/2017\/12\/img_ukeurope.jpg\" alt=\"Cast Iron Suppliers\" width=\"461\" height=\"371\" border=\"0\" \/><\/a><\/td>\n<td class=\"txtingb\" style=\"font-weight: 600; color: #008bca;\" rowspan=\"2\" width=\"20%\">KATEGORIE<\/td>\n<td colspan=\"2\" align=\"center\">\n<div class=\"txtingb\" style=\"font-weight: 600; color: #008bca;\" align=\"center\">Transitzeit von<\/div>\n<\/td>\n<\/tr>\n<tr>\n<td width=\"12%\">\n<div class=\"txtingb\" style=\"font-weight: 600; color: #008bca;\" align=\"center\">INDIEN<\/div>\n<\/td>\n<td width=\"10%\">\n<div class=\"txtingb\" style=\"font-weight: 600; color: #008bca;\" align=\"center\">CHINA<\/div>\n<\/td>\n<\/tr>\n<tr>\n<td class=\"txtingb\">LCL<\/td>\n<td class=\"txtingb\">5 Wochen<\/td>\n<td class=\"txtingb\">4 Wochen<\/td>\n<\/tr>\n<tr>\n<td class=\"txtingb\">FCL<\/td>\n<td class=\"txtingb\">4 Wochen<\/td>\n<td class=\"txtingb\">4 Wochen<\/td>\n<\/tr>\n<tr>\n<td class=\"txtingb\">Eingangshafen zum Lager<\/td>\n<td class=\"txtingb\">+2 Wochen<\/td>\n<td class=\"txtingb\">+2 Wochen<\/td>\n<\/tr>\n<\/tbody>\n<\/table>\n\n\t\t<\/div>\n\t<\/div>\n<\/div><\/div><\/div><\/div>\n<\/div>","protected":false},"excerpt":{"rendered":"Logistics Facilities We strive to provide reliable deliveries through intelligent planning, consistent purchasing policies, sensible allocation of production capacity, and constant vigilance. Reliable deliveries are a function of many factors, including quality assurance procedures, worker attitudes, process controls, and general foundry housekeeping. CALMET visits the manufacturing facilities regularly to monitor these factors. CALMET thoroughly assesses [...]","protected":false},"author":1,"featured_media":49,"parent":0,"menu_order":0,"comment_status":"closed","ping_status":"closed","template":"","meta":{"_acf_changed":false,"footnotes":""},"class_list":["post-752","page","type-page","status-publish","has-post-thumbnail","hentry"],"acf":[],"yoast_head":"<!-- This site is optimized with the Yoast SEO plugin v27.2 - https:\/\/yoast.com\/product\/yoast-seo-wordpress\/ -->\n<title>Logistics Facilities Services | Air, Sea, Land Trucking Logistics Facilities - Calmet<\/title>\n<meta name=\"description\" content=\"Calmet offers Air, Sea, Land Trucking, Customs clearance, Statutory Filing services with just in time to customers. We are the best Iron Casting Manufacturer in USA &amp; India.\" \/>\n<meta name=\"robots\" content=\"index, follow, max-snippet:-1, max-image-preview:large, max-video-preview:-1\" \/>\n<link rel=\"canonical\" href=\"https:\/\/www.calmet.com\/logistics-facilities\/\" \/>\n<meta name=\"twitter:label1\" content=\"Gesch\u00e4tzte Lesezeit\" \/>\n\t<meta name=\"twitter:data1\" content=\"2\u00a0Minuten\" \/>\n<script type=\"application\/ld+json\" class=\"yoast-schema-graph\">{\"@context\":\"https:\/\/schema.org\",\"@graph\":[{\"@type\":\"WebPage\",\"@id\":\"https:\/\/www.calmet.com\/logistics-facilities\/\",\"url\":\"https:\/\/www.calmet.com\/logistics-facilities\/\",\"name\":\"Logistics Facilities Services | Air, Sea, Land Trucking Logistics Facilities - Calmet\",\"isPartOf\":{\"@id\":\"https:\/\/www.calmet.com\/#website\"},\"primaryImageOfPage\":{\"@id\":\"https:\/\/www.calmet.com\/logistics-facilities\/#primaryimage\"},\"image\":{\"@id\":\"https:\/\/www.calmet.com\/logistics-facilities\/#primaryimage\"},\"thumbnailUrl\":\"https:\/\/wp.calmet.com\/wp-content\/uploads\/2017\/07\/home-banner-1.jpg\",\"datePublished\":\"2017-12-16T05:36:25+00:00\",\"dateModified\":\"2025-08-01T11:20:54+00:00\",\"description\":\"Calmet offers Air, Sea, Land Trucking, Customs clearance, Statutory Filing services with just in time to customers. We are the best Iron Casting Manufacturer in USA & India.\",\"breadcrumb\":{\"@id\":\"https:\/\/www.calmet.com\/logistics-facilities\/#breadcrumb\"},\"inLanguage\":\"de\",\"potentialAction\":[{\"@type\":\"ReadAction\",\"target\":[\"https:\/\/www.calmet.com\/logistics-facilities\/\"]}]},{\"@type\":\"ImageObject\",\"inLanguage\":\"de\",\"@id\":\"https:\/\/www.calmet.com\/logistics-facilities\/#primaryimage\",\"url\":\"https:\/\/wp.calmet.com\/wp-content\/uploads\/2017\/07\/home-banner-1.jpg\",\"contentUrl\":\"https:\/\/wp.calmet.com\/wp-content\/uploads\/2017\/07\/home-banner-1.jpg\",\"width\":1920,\"height\":600,\"caption\":\"home-banner\"},{\"@type\":\"BreadcrumbList\",\"@id\":\"https:\/\/www.calmet.com\/logistics-facilities\/#breadcrumb\",\"itemListElement\":[{\"@type\":\"ListItem\",\"position\":1,\"name\":\"Home\",\"item\":\"https:\/\/wp.calmet.com\/\"},{\"@type\":\"ListItem\",\"position\":2,\"name\":\"Logistics Facilities\"}]},{\"@type\":\"WebSite\",\"@id\":\"https:\/\/www.calmet.com\/#website\",\"url\":\"https:\/\/www.calmet.com\/\",\"name\":\"Calmet.com\",\"description\":\"\",\"publisher\":{\"@id\":\"https:\/\/www.calmet.com\/#organization\"},\"potentialAction\":[{\"@type\":\"SearchAction\",\"target\":{\"@type\":\"EntryPoint\",\"urlTemplate\":\"https:\/\/www.calmet.com\/?s={search_term_string}\"},\"query-input\":{\"@type\":\"PropertyValueSpecification\",\"valueRequired\":true,\"valueName\":\"search_term_string\"}}],\"inLanguage\":\"de\"},{\"@type\":\"Organization\",\"@id\":\"https:\/\/www.calmet.com\/#organization\",\"name\":\"Calmet\",\"url\":\"https:\/\/www.calmet.com\/\",\"logo\":{\"@type\":\"ImageObject\",\"inLanguage\":\"de\",\"@id\":\"https:\/\/www.calmet.com\/#\/schema\/logo\/image\/\",\"url\":\"https:\/\/wp.calmet.com\/wp-content\/uploads\/2025\/12\/calmet-logo-1.png\",\"contentUrl\":\"https:\/\/wp.calmet.com\/wp-content\/uploads\/2025\/12\/calmet-logo-1.png\",\"width\":210,\"height\":42,\"caption\":\"Calmet\"},\"image\":{\"@id\":\"https:\/\/www.calmet.com\/#\/schema\/logo\/image\/\"}}]}<\/script>\n<!-- \/ Yoast SEO plugin. -->","yoast_head_json":{"title":"Logistics Facilities Services | Air, Sea, Land Trucking Logistics Facilities - Calmet","description":"Calmet offers Air, Sea, Land Trucking, Customs clearance, Statutory Filing services with just in time to customers. We are the best Iron Casting Manufacturer in USA & India.","robots":{"index":"index","follow":"follow","max-snippet":"max-snippet:-1","max-image-preview":"max-image-preview:large","max-video-preview":"max-video-preview:-1"},"canonical":"https:\/\/www.calmet.com\/logistics-facilities\/","twitter_misc":{"Gesch\u00e4tzte Lesezeit":"2\u00a0Minuten"},"schema":{"@context":"https:\/\/schema.org","@graph":[{"@type":"WebPage","@id":"https:\/\/www.calmet.com\/logistics-facilities\/","url":"https:\/\/www.calmet.com\/logistics-facilities\/","name":"Logistics Facilities Services | Air, Sea, Land Trucking Logistics Facilities - Calmet","isPartOf":{"@id":"https:\/\/www.calmet.com\/#website"},"primaryImageOfPage":{"@id":"https:\/\/www.calmet.com\/logistics-facilities\/#primaryimage"},"image":{"@id":"https:\/\/www.calmet.com\/logistics-facilities\/#primaryimage"},"thumbnailUrl":"https:\/\/wp.calmet.com\/wp-content\/uploads\/2017\/07\/home-banner-1.jpg","datePublished":"2017-12-16T05:36:25+00:00","dateModified":"2025-08-01T11:20:54+00:00","description":"Calmet offers Air, Sea, Land Trucking, Customs clearance, Statutory Filing services with just in time to customers. We are the best Iron Casting Manufacturer in USA & India.","breadcrumb":{"@id":"https:\/\/www.calmet.com\/logistics-facilities\/#breadcrumb"},"inLanguage":"de","potentialAction":[{"@type":"ReadAction","target":["https:\/\/www.calmet.com\/logistics-facilities\/"]}]},{"@type":"ImageObject","inLanguage":"de","@id":"https:\/\/www.calmet.com\/logistics-facilities\/#primaryimage","url":"https:\/\/wp.calmet.com\/wp-content\/uploads\/2017\/07\/home-banner-1.jpg","contentUrl":"https:\/\/wp.calmet.com\/wp-content\/uploads\/2017\/07\/home-banner-1.jpg","width":1920,"height":600,"caption":"home-banner"},{"@type":"BreadcrumbList","@id":"https:\/\/www.calmet.com\/logistics-facilities\/#breadcrumb","itemListElement":[{"@type":"ListItem","position":1,"name":"Home","item":"https:\/\/wp.calmet.com\/"},{"@type":"ListItem","position":2,"name":"Logistics Facilities"}]},{"@type":"WebSite","@id":"https:\/\/www.calmet.com\/#website","url":"https:\/\/www.calmet.com\/","name":"Calmet.com","description":"","publisher":{"@id":"https:\/\/www.calmet.com\/#organization"},"potentialAction":[{"@type":"SearchAction","target":{"@type":"EntryPoint","urlTemplate":"https:\/\/www.calmet.com\/?s={search_term_string}"},"query-input":{"@type":"PropertyValueSpecification","valueRequired":true,"valueName":"search_term_string"}}],"inLanguage":"de"},{"@type":"Organization","@id":"https:\/\/www.calmet.com\/#organization","name":"Calmet","url":"https:\/\/www.calmet.com\/","logo":{"@type":"ImageObject","inLanguage":"de","@id":"https:\/\/www.calmet.com\/#\/schema\/logo\/image\/","url":"https:\/\/wp.calmet.com\/wp-content\/uploads\/2025\/12\/calmet-logo-1.png","contentUrl":"https:\/\/wp.calmet.com\/wp-content\/uploads\/2025\/12\/calmet-logo-1.png","width":210,"height":42,"caption":"Calmet"},"image":{"@id":"https:\/\/www.calmet.com\/#\/schema\/logo\/image\/"}}]}},"_links":{"self":[{"href":"https:\/\/wp.calmet.com\/de\/wp-json\/wp\/v2\/pages\/752","targetHints":{"allow":["GET"]}}],"collection":[{"href":"https:\/\/wp.calmet.com\/de\/wp-json\/wp\/v2\/pages"}],"about":[{"href":"https:\/\/wp.calmet.com\/de\/wp-json\/wp\/v2\/types\/page"}],"author":[{"embeddable":true,"href":"https:\/\/wp.calmet.com\/de\/wp-json\/wp\/v2\/users\/1"}],"replies":[{"embeddable":true,"href":"https:\/\/wp.calmet.com\/de\/wp-json\/wp\/v2\/comments?post=752"}],"version-history":[{"count":23,"href":"https:\/\/wp.calmet.com\/de\/wp-json\/wp\/v2\/pages\/752\/revisions"}],"predecessor-version":[{"id":2849,"href":"https:\/\/wp.calmet.com\/de\/wp-json\/wp\/v2\/pages\/752\/revisions\/2849"}],"wp:featuredmedia":[{"embeddable":true,"href":"https:\/\/wp.calmet.com\/de\/wp-json\/wp\/v2\/media\/49"}],"wp:attachment":[{"href":"https:\/\/wp.calmet.com\/de\/wp-json\/wp\/v2\/media?parent=752"}],"curies":[{"name":"wp","href":"https:\/\/api.w.org\/{rel}","templated":true}]}}