{"id":757,"date":"2017-12-16T05:59:11","date_gmt":"2017-12-16T05:59:11","guid":{"rendered":"http:\/\/avanexa.in\/calmet\/?page_id=757"},"modified":"2025-08-01T11:19:37","modified_gmt":"2025-08-01T11:19:37","slug":"warehouse-jit-supplies","status":"publish","type":"page","link":"https:\/\/wp.calmet.com\/de\/warehouse-jit-supplies\/","title":{"rendered":"Lager &amp; JIT-Lieferungen"},"content":{"rendered":"<div class=\"wpb-content-wrapper\"><div class=\"vc_row wpb_row vc_row-fluid\"><div class=\"wpb_column vc_column_container vc_col-sm-12\"><div class=\"vc_column-inner\"><div class=\"wpb_wrapper\"><h1 style=\"font-size: 24px;color: #008bca;text-align: left\" class=\"vc_custom_heading vc_do_custom_heading found\" >Lager<\/h1><div class=\"vc_empty_space\"   style=\"height: 12px\"><span class=\"vc_empty_space_inner\"><\/span><\/div>\n\t<div class=\"wpb_text_column wpb_content_element\" >\n\t\t<div class=\"wpb_wrapper\">\n\t\t\t<p>Wir bieten erstklassige Lagerkapazit\u00e4ten an.<br \/>\nUnsere erfahrenen und kompetenten Mitarbeiter arbeiten rund um die Uhr (24\/7) und \u00fcberwachen jeden Schritt genau, um sicherzustellen, dass die Sendungen p\u00fcnktlich ankommen und bei Bedarf sofort eingegriffen wird. Dieses engmaschige Management erm\u00f6glicht uns einen hocheffizienten Betrieb, der Ihnen nicht nur Kosten spart, sondern Ihnen auch Stress erspart.<br \/>\nWir haben Niederlassungen in den USA, Kanada, Gro\u00dfbritannien und Indien, wo Ersatzteile f\u00fcr die Just-in-Time-Lieferung gelagert werden.<\/p>\n\n\t\t<\/div>\n\t<\/div>\n<\/div><\/div><\/div><\/div><div class=\"vc_row wpb_row vc_row-fluid\"><div class=\"wpb_column vc_column_container vc_col-sm-12\"><div class=\"vc_column-inner\"><div class=\"wpb_wrapper\">\n\t<div class=\"wpb_text_column wpb_content_element\" >\n\t\t<div class=\"wpb_wrapper\">\n\t\t\t<ul class=\"classy\">\n<li><i class=\"fa fa-circle\" aria-hidden=\"true\"><\/i> Wir k\u00fcmmern uns um Ihre Sendungen vom Werk bis zu Ihrer Haust\u00fcr.<\/li>\n<li><i class=\"fa fa-circle\" aria-hidden=\"true\"><\/i> Wir f\u00fchren Logistikprozesse gem\u00e4\u00df internationalen Logistikbedingungen wie FOB, CIF, DDU, DDP usw. durch.,<\/li>\n<li><i class=\"fa fa-circle\" aria-hidden=\"true\"><\/i>Unsere Lager sind technologisch auf dem neuesten Stand, um unseren Kunden Just-in-Time-Lieferungen zu erm\u00f6glichen.<\/li>\n<\/ul>\n<p>Wir verbessern kontinuierlich unsere Lagerprozesse durch die Nutzung von Just-in-Time-Lieferungen f\u00fcr unsere Kunden.<\/p>\n\n\t\t<\/div>\n\t<\/div>\n<h4 style=\"font-size: 24px;color: #008bca;text-align: left\" class=\"vc_custom_heading vc_do_custom_heading found\" >JIT-LIEFERUNGEN<\/h4>\n\t<div class=\"wpb_text_column wpb_content_element\" >\n\t\t<div class=\"wpb_wrapper\">\n\t\t\t<p>Zuverl\u00e4ssige Lieferungen werden durch eine konsequente Einkaufspolitik, st\u00e4ndige Wachsamkeit, intelligente Planung und sinnvolle Zuteilung der Produktionskapazit\u00e4t erreicht.<\/p>\n<p>Wir stellen sicher, dass alle unsere Lieferungen p\u00fcnktlich eintreffen und die Kundennachfrage erf\u00fcllen. Daf\u00fcr arbeiten wir mit f\u00fchrenden Spediteuren, Reedereien, Frachtmaklern und Lagerh\u00e4usern zusammen. Unsere Expertise im Bereich Just-in-Time-Lieferung garantiert Ihnen die termingerechte und sorgf\u00e4ltige Zustellung Ihrer Sendungen.<\/p>\n\n\t\t<\/div>\n\t<\/div>\n<\/div><\/div><\/div><\/div><div class=\"vc_row wpb_row vc_row-fluid\"><div class=\"wpb_column vc_column_container vc_col-sm-4\"><div class=\"vc_column-inner\"><div class=\"wpb_wrapper\">\n\t<div  class=\"wpb_single_image wpb_content_element vc_align_left wpb_content_element\">\n\t\t\n\t\t<figure class=\"wpb_wrapper vc_figure\">\n\t\t\t<div class=\"vc_single_image-wrapper   vc_box_border_grey\"><img loading=\"lazy\" decoding=\"async\" width=\"184\" height=\"121\" src=\"https:\/\/wp.calmet.com\/wp-content\/uploads\/2017\/12\/ware_01.jpg\" class=\"vc_single_image-img attachment-full\" alt=\"ware_01\" title=\"ware_01\" \/><\/div>\n\t\t<\/figure>\n\t<\/div>\n<\/div><\/div><\/div><div class=\"wpb_column vc_column_container vc_col-sm-4\"><div class=\"vc_column-inner\"><div class=\"wpb_wrapper\">\n\t<div  class=\"wpb_single_image wpb_content_element vc_align_left wpb_content_element\">\n\t\t\n\t\t<figure class=\"wpb_wrapper vc_figure\">\n\t\t\t<div class=\"vc_single_image-wrapper   vc_box_border_grey\"><img loading=\"lazy\" decoding=\"async\" width=\"184\" height=\"121\" src=\"https:\/\/wp.calmet.com\/wp-content\/uploads\/2017\/12\/ware_02.jpg\" class=\"vc_single_image-img attachment-full\" alt=\"ware_02\" title=\"ware_02\" \/><\/div>\n\t\t<\/figure>\n\t<\/div>\n<\/div><\/div><\/div><div class=\"wpb_column vc_column_container vc_col-sm-4\"><div class=\"vc_column-inner\"><div class=\"wpb_wrapper\">\n\t<div  class=\"wpb_single_image wpb_content_element vc_align_left wpb_content_element\">\n\t\t\n\t\t<figure class=\"wpb_wrapper vc_figure\">\n\t\t\t<div class=\"vc_single_image-wrapper   vc_box_border_grey\"><img loading=\"lazy\" decoding=\"async\" width=\"184\" height=\"121\" src=\"https:\/\/wp.calmet.com\/wp-content\/uploads\/2017\/12\/warehouse-jit-supplies-services-india.jpg\" class=\"vc_single_image-img attachment-full\" alt=\"Warehouse Jit Supplies Services India\" title=\"Lager-JIT-Lieferungen-Services Indien\" \/><\/div>\n\t\t<\/figure>\n\t<\/div>\n<\/div><\/div><\/div><\/div>\n<\/div>","protected":false},"excerpt":{"rendered":"Warehouse We are engaged in providing world class warehousing facilities. Our experienced and knowledgeable staff works all round the clock ( 24\u00d77) by monitoring every move very closely to make sure that the consignments are delivered at right time and by acting instantly when necessary. This close management enables us to run a very efficient [...]","protected":false},"author":1,"featured_media":49,"parent":0,"menu_order":0,"comment_status":"closed","ping_status":"closed","template":"","meta":{"_acf_changed":false,"footnotes":""},"class_list":["post-757","page","type-page","status-publish","has-post-thumbnail","hentry"],"acf":[],"yoast_head":"<!-- This site is optimized with the Yoast SEO plugin v27.2 - https:\/\/yoast.com\/product\/yoast-seo-wordpress\/ -->\n<title>Calmet - Warehouse &amp; JIT Supplies Services in US, Canada, China &amp; India<\/title>\n<meta name=\"description\" content=\"Calmet offers world class warehousing &amp; JIT Supplies services with just in time to customers. We are the best Iron Casting Manufacturer in USA, Canada, China, India &amp; UK.\" \/>\n<meta name=\"robots\" content=\"index, follow, max-snippet:-1, max-image-preview:large, max-video-preview:-1\" \/>\n<link rel=\"canonical\" href=\"https:\/\/www.calmet.com\/warehouse-jit-supplies\/\" \/>\n<meta name=\"twitter:label1\" content=\"Gesch\u00e4tzte Lesezeit\" \/>\n\t<meta name=\"twitter:data1\" content=\"2\u00a0Minuten\" \/>\n<script type=\"application\/ld+json\" class=\"yoast-schema-graph\">{\"@context\":\"https:\/\/schema.org\",\"@graph\":[{\"@type\":\"WebPage\",\"@id\":\"https:\/\/www.calmet.com\/warehouse-jit-supplies\/\",\"url\":\"https:\/\/www.calmet.com\/warehouse-jit-supplies\/\",\"name\":\"Calmet - Warehouse & JIT Supplies Services in US, Canada, China & India\",\"isPartOf\":{\"@id\":\"https:\/\/www.calmet.com\/#website\"},\"primaryImageOfPage\":{\"@id\":\"https:\/\/www.calmet.com\/warehouse-jit-supplies\/#primaryimage\"},\"image\":{\"@id\":\"https:\/\/www.calmet.com\/warehouse-jit-supplies\/#primaryimage\"},\"thumbnailUrl\":\"https:\/\/wp.calmet.com\/wp-content\/uploads\/2017\/07\/home-banner-1.jpg\",\"datePublished\":\"2017-12-16T05:59:11+00:00\",\"dateModified\":\"2025-08-01T11:19:37+00:00\",\"description\":\"Calmet offers world class warehousing & JIT Supplies services with just in time to customers. We are the best Iron Casting Manufacturer in USA, Canada, China, India & UK.\",\"breadcrumb\":{\"@id\":\"https:\/\/www.calmet.com\/warehouse-jit-supplies\/#breadcrumb\"},\"inLanguage\":\"de\",\"potentialAction\":[{\"@type\":\"ReadAction\",\"target\":[\"https:\/\/www.calmet.com\/warehouse-jit-supplies\/\"]}]},{\"@type\":\"ImageObject\",\"inLanguage\":\"de\",\"@id\":\"https:\/\/www.calmet.com\/warehouse-jit-supplies\/#primaryimage\",\"url\":\"https:\/\/wp.calmet.com\/wp-content\/uploads\/2017\/07\/home-banner-1.jpg\",\"contentUrl\":\"https:\/\/wp.calmet.com\/wp-content\/uploads\/2017\/07\/home-banner-1.jpg\",\"width\":1920,\"height\":600,\"caption\":\"home-banner\"},{\"@type\":\"BreadcrumbList\",\"@id\":\"https:\/\/www.calmet.com\/warehouse-jit-supplies\/#breadcrumb\",\"itemListElement\":[{\"@type\":\"ListItem\",\"position\":1,\"name\":\"Home\",\"item\":\"https:\/\/wp.calmet.com\/\"},{\"@type\":\"ListItem\",\"position\":2,\"name\":\"Warehouse &#038; JIT Supplies\"}]},{\"@type\":\"WebSite\",\"@id\":\"https:\/\/www.calmet.com\/#website\",\"url\":\"https:\/\/www.calmet.com\/\",\"name\":\"Calmet.com\",\"description\":\"\",\"publisher\":{\"@id\":\"https:\/\/www.calmet.com\/#organization\"},\"potentialAction\":[{\"@type\":\"SearchAction\",\"target\":{\"@type\":\"EntryPoint\",\"urlTemplate\":\"https:\/\/www.calmet.com\/?s={search_term_string}\"},\"query-input\":{\"@type\":\"PropertyValueSpecification\",\"valueRequired\":true,\"valueName\":\"search_term_string\"}}],\"inLanguage\":\"de\"},{\"@type\":\"Organization\",\"@id\":\"https:\/\/www.calmet.com\/#organization\",\"name\":\"Calmet\",\"url\":\"https:\/\/www.calmet.com\/\",\"logo\":{\"@type\":\"ImageObject\",\"inLanguage\":\"de\",\"@id\":\"https:\/\/www.calmet.com\/#\/schema\/logo\/image\/\",\"url\":\"https:\/\/wp.calmet.com\/wp-content\/uploads\/2025\/12\/calmet-logo-1.png\",\"contentUrl\":\"https:\/\/wp.calmet.com\/wp-content\/uploads\/2025\/12\/calmet-logo-1.png\",\"width\":210,\"height\":42,\"caption\":\"Calmet\"},\"image\":{\"@id\":\"https:\/\/www.calmet.com\/#\/schema\/logo\/image\/\"}}]}<\/script>\n<!-- \/ Yoast SEO plugin. -->","yoast_head_json":{"title":"Calmet - Warehouse & JIT Supplies Services in US, Canada, China & India","description":"Calmet offers world class warehousing & JIT Supplies services with just in time to customers. We are the best Iron Casting Manufacturer in USA, Canada, China, India & UK.","robots":{"index":"index","follow":"follow","max-snippet":"max-snippet:-1","max-image-preview":"max-image-preview:large","max-video-preview":"max-video-preview:-1"},"canonical":"https:\/\/www.calmet.com\/warehouse-jit-supplies\/","twitter_misc":{"Gesch\u00e4tzte Lesezeit":"2\u00a0Minuten"},"schema":{"@context":"https:\/\/schema.org","@graph":[{"@type":"WebPage","@id":"https:\/\/www.calmet.com\/warehouse-jit-supplies\/","url":"https:\/\/www.calmet.com\/warehouse-jit-supplies\/","name":"Calmet - Warehouse & JIT Supplies Services in US, Canada, China & India","isPartOf":{"@id":"https:\/\/www.calmet.com\/#website"},"primaryImageOfPage":{"@id":"https:\/\/www.calmet.com\/warehouse-jit-supplies\/#primaryimage"},"image":{"@id":"https:\/\/www.calmet.com\/warehouse-jit-supplies\/#primaryimage"},"thumbnailUrl":"https:\/\/wp.calmet.com\/wp-content\/uploads\/2017\/07\/home-banner-1.jpg","datePublished":"2017-12-16T05:59:11+00:00","dateModified":"2025-08-01T11:19:37+00:00","description":"Calmet offers world class warehousing & JIT Supplies services with just in time to customers. We are the best Iron Casting Manufacturer in USA, Canada, China, India & UK.","breadcrumb":{"@id":"https:\/\/www.calmet.com\/warehouse-jit-supplies\/#breadcrumb"},"inLanguage":"de","potentialAction":[{"@type":"ReadAction","target":["https:\/\/www.calmet.com\/warehouse-jit-supplies\/"]}]},{"@type":"ImageObject","inLanguage":"de","@id":"https:\/\/www.calmet.com\/warehouse-jit-supplies\/#primaryimage","url":"https:\/\/wp.calmet.com\/wp-content\/uploads\/2017\/07\/home-banner-1.jpg","contentUrl":"https:\/\/wp.calmet.com\/wp-content\/uploads\/2017\/07\/home-banner-1.jpg","width":1920,"height":600,"caption":"home-banner"},{"@type":"BreadcrumbList","@id":"https:\/\/www.calmet.com\/warehouse-jit-supplies\/#breadcrumb","itemListElement":[{"@type":"ListItem","position":1,"name":"Home","item":"https:\/\/wp.calmet.com\/"},{"@type":"ListItem","position":2,"name":"Warehouse &#038; JIT Supplies"}]},{"@type":"WebSite","@id":"https:\/\/www.calmet.com\/#website","url":"https:\/\/www.calmet.com\/","name":"Calmet.com","description":"","publisher":{"@id":"https:\/\/www.calmet.com\/#organization"},"potentialAction":[{"@type":"SearchAction","target":{"@type":"EntryPoint","urlTemplate":"https:\/\/www.calmet.com\/?s={search_term_string}"},"query-input":{"@type":"PropertyValueSpecification","valueRequired":true,"valueName":"search_term_string"}}],"inLanguage":"de"},{"@type":"Organization","@id":"https:\/\/www.calmet.com\/#organization","name":"Calmet","url":"https:\/\/www.calmet.com\/","logo":{"@type":"ImageObject","inLanguage":"de","@id":"https:\/\/www.calmet.com\/#\/schema\/logo\/image\/","url":"https:\/\/wp.calmet.com\/wp-content\/uploads\/2025\/12\/calmet-logo-1.png","contentUrl":"https:\/\/wp.calmet.com\/wp-content\/uploads\/2025\/12\/calmet-logo-1.png","width":210,"height":42,"caption":"Calmet"},"image":{"@id":"https:\/\/www.calmet.com\/#\/schema\/logo\/image\/"}}]}},"_links":{"self":[{"href":"https:\/\/wp.calmet.com\/de\/wp-json\/wp\/v2\/pages\/757","targetHints":{"allow":["GET"]}}],"collection":[{"href":"https:\/\/wp.calmet.com\/de\/wp-json\/wp\/v2\/pages"}],"about":[{"href":"https:\/\/wp.calmet.com\/de\/wp-json\/wp\/v2\/types\/page"}],"author":[{"embeddable":true,"href":"https:\/\/wp.calmet.com\/de\/wp-json\/wp\/v2\/users\/1"}],"replies":[{"embeddable":true,"href":"https:\/\/wp.calmet.com\/de\/wp-json\/wp\/v2\/comments?post=757"}],"version-history":[{"count":18,"href":"https:\/\/wp.calmet.com\/de\/wp-json\/wp\/v2\/pages\/757\/revisions"}],"predecessor-version":[{"id":2848,"href":"https:\/\/wp.calmet.com\/de\/wp-json\/wp\/v2\/pages\/757\/revisions\/2848"}],"wp:featuredmedia":[{"embeddable":true,"href":"https:\/\/wp.calmet.com\/de\/wp-json\/wp\/v2\/media\/49"}],"wp:attachment":[{"href":"https:\/\/wp.calmet.com\/de\/wp-json\/wp\/v2\/media?parent=757"}],"curies":[{"name":"wp","href":"https:\/\/api.w.org\/{rel}","templated":true}]}}